{"id":27361,"date":"2019-08-06T19:51:12","date_gmt":"2019-08-06T17:51:12","guid":{"rendered":"http:\/\/esplac.cat\/calendari-dactivitats\/"},"modified":"2019-12-20T14:22:17","modified_gmt":"2019-12-20T13:22:17","slug":"calendar","status":"publish","type":"page","link":"https:\/\/www.esplac.cat\/en\/transparency\/calendar\/","title":{"rendered":"Calendar"},"content":{"rendered":"<p><div class=\"fusion-fullwidth fullwidth-box fusion-builder-row-1 nonhundred-percent-fullwidth non-hundred-percent-height-scrolling\" style=\"--awb-border-radius-top-left:0px;--awb-border-radius-top-right:0px;--awb-border-radius-bottom-right:0px;--awb-border-radius-bottom-left:0px;--awb-margin-bottom:50px;--awb-flex-wrap:wrap;\" ><div class=\"fusion-builder-row fusion-row\"><div class=\"fusion-layout-column fusion_builder_column fusion-builder-column-0 fusion_builder_column_1_1 1_1 fusion-one-full fusion-column-first fusion-column-last\" style=\"--awb-bg-size:cover;--awb-margin-bottom:0px;\"><div class=\"fusion-column-wrapper fusion-flex-column-wrapper-legacy\"><div class=\"fusion-text fusion-text-1\"><div id=\"calendarize_0\" class=\"rhcalendar  not-widget rhc_holder\" data-rhc_ui_theme=\"\" data-rhc_options=\"{&quot;editable&quot;:false,&quot;mode&quot;:&quot;view&quot;,&quot;modes&quot;:{&quot;view&quot;:{&quot;label&quot;:&quot;View&quot;,&quot;options&quot;:{&quot;weekNumberTitle&quot;:&quot;W&quot;,&quot;weekNumbers&quot;:false,&quot;loadingOverlay&quot;:&quot;1&quot;,&quot;weekMode&quot;:&quot;fixed&quot;,&quot;header&quot;:{&quot;left&quot;:&quot;rhc_search prevYear,prev,next,nextYear today&quot;,&quot;center&quot;:&quot;title&quot;,&quot;right&quot;:&quot;month,agendaWeek,agendaDay,rhc_event&quot;},&quot;events_source&quot;:&quot;https:\\\/\\\/www.esplac.cat\\\/en\\\/?rhc_action=get_calendar_events&quot;,&quot;events_source_query&quot;:&quot;&amp;post_type[]=events&quot;,&quot;defaultView&quot;:&quot;month&quot;,&quot;aspectRatio&quot;:&quot;1.35&quot;,&quot;weekends&quot;:true,&quot;allDayDefault&quot;:true,&quot;titleFormat&quot;:{&quot;month&quot;:&quot;MMMM yyyy&quot;,&quot;week&quot;:&quot;MMM d[ yyyy]{ &#039;\\u2014&#039;[ MMM] d yyyy}&quot;,&quot;day&quot;:&quot;dddd, MMM d, yyyy&quot;},&quot;mobile_month_cell_num_format&quot;:&quot;d&quot;,&quot;columnFormat&quot;:{&quot;month&quot;:&quot;ddd&quot;,&quot;week&quot;:&quot;ddd M\\\/d&quot;,&quot;day&quot;:&quot;dddd M\\\/d&quot;},&quot;timeFormat&quot;:{&quot;month&quot;:&quot;h(:mm)t&quot;,&quot;week&quot;:&quot;h:mm{ - h:mm}&quot;,&quot;day&quot;:&quot;h:mm{ - h:mm}&quot;,&quot;&quot;:&quot;h(:mm)t&quot;},&quot;tooltip&quot;:{&quot;startDate&quot;:&quot;ddd MMMM d, yyyy h:mm TT&quot;,&quot;startDateAllDay&quot;:&quot;ddd MMMM d, yyyy&quot;,&quot;endDate&quot;:&quot;ddd MMMM d, yyyy h:mm TT&quot;,&quot;endDateAllDay&quot;:&quot;ddd MMMM d, yyyy&quot;,&quot;target&quot;:&quot;_blank&quot;,&quot;disableTitleLink&quot;:&quot;0&quot;,&quot;enableCustom&quot;:true,&quot;taxonomy_links&quot;:true,&quot;image&quot;:1,&quot;excerpt&quot;:1},&quot;tooltip_on_hover&quot;:&quot;0&quot;,&quot;tooltip_close_on_title_leave&quot;:&quot;0&quot;,&quot;tooltip_close_on_outside_click&quot;:&quot;0&quot;,&quot;axisFormat&quot;:&quot;h(:mm)tt&quot;,&quot;isRTL&quot;:false,&quot;firstDay&quot;:1,&quot;monthNames&quot;:[&quot;Gener&quot;,&quot; Febrer&quot;,&quot; Mar\\u00e7&quot;,&quot; Abril&quot;,&quot; Maig&quot;,&quot; Juny&quot;,&quot; Juliol&quot;,&quot; Agost&quot;,&quot; Setembre&quot;,&quot; Octubre&quot;,&quot; Novembre&quot;,&quot; Desembre&quot;],&quot;monthNamesShort&quot;:[&quot;Gen&quot;,&quot; Feb&quot;,&quot; Mar&quot;,&quot; Abr&quot;,&quot; Mai&quot;,&quot; Jun&quot;,&quot; Jul&quot;,&quot; Ago&quot;,&quot; Set&quot;,&quot; Oct&quot;,&quot; Nov&quot;,&quot; Des&quot;],&quot;dayNames&quot;:[&quot;Diumenge&quot;,&quot; Dilluns&quot;,&quot; Dimarts&quot;,&quot; Dimecres&quot;,&quot; Dijous&quot;,&quot; Divendres&quot;,&quot; Dissabte&quot;],&quot;dayNamesShort&quot;:[&quot;Dg&quot;,&quot; Dll&quot;,&quot; Dm&quot;,&quot; Dc&quot;,&quot; Dj&quot;,&quot; Dv&quot;,&quot; Ds&quot;],&quot;buttonText&quot;:{&quot;today&quot;:&quot;Avui&quot;,&quot;month&quot;:&quot;Mes&quot;,&quot;week&quot;:&quot;Setmana&quot;,&quot;day&quot;:&quot;Dia&quot;,&quot;prev&quot;:&quot;&quot;,&quot;next&quot;:&quot;&quot;,&quot;prevYear&quot;:&quot;&quot;,&quot;nextYear&quot;:&quot;&quot;,&quot;rhc_search&quot;:&quot;Calendari&quot;,&quot;rhc_event&quot;:&quot;Llista&quot;,&quot;rhc_detail&quot;:&quot;detail&quot;,&quot;rhc_gmap&quot;:&quot;map&quot;,&quot;rhc_filter&quot;:&quot;&amp;nbsp;&quot;},&quot;buttonIcons&quot;:{&quot;prev&quot;:&quot;circle-triangle-w&quot;,&quot;next&quot;:&quot;circle-triangle-e&quot;},&quot;transition&quot;:{&quot;notransition&quot;:&quot;0&quot;,&quot;easing&quot;:&quot;easeInOutExpo&quot;,&quot;duration&quot;:&quot;600&quot;,&quot;direction&quot;:&quot;horizontal&quot;},&quot;eventList&quot;:{&quot;TitleFormat&quot;:&quot;MMMM yyyy&quot;,&quot;DateFormat&quot;:&quot;dddd MMMM d, yyyy&quot;,&quot;StartDateFormat&quot;:&quot;dddd MMMM d, yyyy. h:mmtt&quot;,&quot;StartDateFormatAllDay&quot;:&quot;dddd MMMM d, yyyy.&quot;,&quot;ShowHeader&quot;:&quot;1&quot;,&quot;eventListNoEventsText&quot;:&quot;No s&#039;han trobat activitats&quot;,&quot;monthsahead&quot;:&quot;&quot;,&quot;daysahead&quot;:&quot;&quot;,&quot;upcoming&quot;:&quot;0&quot;,&quot;reverse&quot;:&quot;0&quot;,&quot;display&quot;:&quot;&quot;,&quot;outofrange&quot;:&quot;0&quot;,&quot;eventlist_template&quot;:&quot;&quot;,&quot;extDateFormat&quot;:&quot;MMMM d, yyyy&quot;,&quot;extTimeFormat&quot;:&quot;h:mm tt&quot;,&quot;extDateTimeFormat&quot;:&quot;MMMM d, yyyy.  h:mm tt&quot;,&quot;extendedDetails&quot;:&quot;0&quot;,&quot;delta&quot;:&quot;&quot;,&quot;stack&quot;:&quot;0&quot;,&quot;auto&quot;:&quot;0&quot;,&quot;scrolloffset&quot;:&quot;&quot;,&quot;removeended&quot;:&quot;0&quot;},&quot;widgetlist&quot;:{&quot;sel&quot;:&quot;&quot;,&quot;number&quot;:&quot;&quot;,&quot;showimage&quot;:&quot;&quot;,&quot;fcdate_format&quot;:&quot;&quot;,&quot;fctime_format&quot;:&quot;&quot;,&quot;start&quot;:&quot;&quot;,&quot;end&quot;:&quot;&quot;,&quot;horizon&quot;:&quot;&quot;,&quot;using_calendar_url&quot;:&quot;&quot;,&quot;loading_method&quot;:&quot;&quot;,&quot;historic&quot;:&quot;&quot;,&quot;specific_date&quot;:&quot;&quot;,&quot;words&quot;:&quot;10&quot;,&quot;dayspast&quot;:0,&quot;premiere&quot;:&quot;&quot;},&quot;eventClick&quot;:fc_click,&quot;eventMouseover&quot;:fc_mouseover,&quot;singleSource&quot;:&quot;https:\\\/\\\/www.esplac.cat\\\/?rhc_action=get_rendered_item&quot;,&quot;for_widget&quot;:0,&quot;widget_dayclick&quot;:&quot;&quot;,&quot;widget_link&quot;:&quot;&quot;,&quot;widget_link_view&quot;:&quot;&quot;,&quot;widget_google_map&quot;:&quot;interactive&quot;,&quot;widget_onechardaylabel&quot;:&quot;&quot;,&quot;widget_autohover&quot;:&quot;&quot;,&quot;widget_autoclick&quot;:&quot;&quot;,&quot;widget_hformat&quot;:&quot;&quot;,&quot;gotodate&quot;:&quot;&quot;,&quot;ev_calendar&quot;:&quot;&quot;,&quot;ev_venue&quot;:&quot;&quot;,&quot;ev_organizer&quot;:&quot;&quot;,&quot;allDaySlot&quot;:true,&quot;allDayText&quot;:&quot;Tot el dia&quot;,&quot;firstHour&quot;:&quot;6&quot;,&quot;slotMinutes&quot;:30,&quot;minTime&quot;:&quot;0&quot;,&quot;maxTime&quot;:&quot;24&quot;,&quot;json_feed&quot;:false,&quot;json_only&quot;:0,&quot;tax_filter&quot;:&quot;1&quot;,&quot;tax_filter_label&quot;:{&quot;year&quot;:&quot;Year&quot;,&quot;month&quot;:&quot;Month&quot;},&quot;tax_filter_skip&quot;:[],&quot;tax_filter_include&quot;:[],&quot;tax_filter_multiple&quot;:1,&quot;sidelist&quot;:{&quot;open&quot;:&quot;0&quot;,&quot;link_target&quot;:&quot;_blank&quot;,&quot;template&quot;:&quot;#sidelist_template_calendarize_0&quot;,&quot;labels&quot;:{&quot;tab&quot;:&quot;Event list&quot;}},&quot;hiddenDays&quot;:[],&quot;skipMonths&quot;:[],&quot;matchBackground&quot;:&quot;0&quot;,&quot;shrink&quot;:&quot;1&quot;,&quot;month_event_image&quot;:&quot;0&quot;,&quot;upcoming&quot;:&quot;0&quot;,&quot;upcoming_trim_past&quot;:&quot;0&quot;,&quot;left_trim_date&quot;:&quot;0&quot;,&quot;right_trim_date&quot;:&quot;0&quot;,&quot;nextDayThreshold&quot;:&quot;&quot;,&quot;showothermonth&quot;:&quot;1&quot;,&quot;feed&quot;:&quot;&quot;,&quot;norepeat&quot;:&quot;0&quot;,&quot;event_skip&quot;:0,&quot;local_tz&quot;:0,&quot;debugjs&quot;:0,&quot;preload&quot;:0,&quot;allday_group&quot;:0,&quot;max_events&quot;:0,&quot;render_events&quot;:1,&quot;fixed_title&quot;:&quot;&quot;,&quot;btn_tax_parent_only&quot;:&quot;0&quot;,&quot;term_post_count&quot;:&quot;0&quot;,&quot;selectable&quot;:&quot;&quot;,&quot;selectHelper&quot;:&quot;&quot;,&quot;select&quot;:&quot;&quot;}}},&quot;common&quot;:{&quot;theme&quot;:false,&quot;icalendar_align&quot;:&quot;right&quot;}}\"><div class=\"fullCalendar\"><\/div><div class=\"fc-filters-dialog-holder fc-display-none\" style=\"display:none;\">\n\t<div class=\"fc-filters-dialog\">\n\t\t<div class=\"fbd-main-holder\">\n\t\t\t<div class=\"fbd-head\">\n\t\t\t\t<div class=\"fbd-close-tooltip rhc-close-icon\"><a title=\"Close dialog\" href=\"javascript:void(0);\"><\/a><\/div>\t\t\t\n\t\t\t<\/div>\n\t\t\t<div class=\"fbd-body\">\n\t\t\t\t\t\t\t\t<div class=\"fbd-dialog-content\">\n<div class=\"no-filters\">No filters available.post_type:Array\n(\n    [0] => events\n)\n<\/div>\t\t\t\n\t\t\t\t<\/div>\n\t\t\t\t<div class=\"fbd-dialog-controls\">\n\t\t\t\t\t<input type=\"button\" class=\"fbd-button-secondary fbd-dg-remove\" name=\"fbd-dg-remove\" value=\"show all\" \/>\n\t\t\t\t\t<input type=\"button\" class=\"fbd-button fbd-button-primary fbd-dg-apply\" name=\"fbd-dg-apply\" value=\"Apply filters\" \/>\n\t\t\t\t\t<div class=\"fbd-status\">\n\t\t\t\t\t\t<img decoding=\"async\" src=\"https:\/\/www.esplac.cat\/wp-admin\/images\/wpspin_light.gif\" alt=\"\" \/>\n\t\t\t\t\t<\/div>\n\t\t\t\t\t<div class=\"fbd-clear\"><\/div>\n\t\t\t\t<\/div>\n\t\t\t\t<div class=\"fbd-clear\"><\/div>\n\t\t\t<\/div>\n\t\t\t<div class=\"fbd-clear\"><\/div>\n\t\t<\/div>\n\t<\/div>\n<\/div>\n<div class=\"ical-tooltip-template\" title=\"iCal Feed\" style='display:none;width:460px;' data-button_text=\"iCal- Google Calendar\">\n\t<div class=\"ical-tooltip-holder\">\n\t\t<div class=\"fbd-main-holder\">\n\t\t\t<div class=\"fbd-head\">\n\t\t\t\t<div class=\"rhc-close-icon\"><a title=\"Close\" class=\"ical-close\" href=\"javascript:void(0);\"><\/a><\/div>\t\t\t\t\n                <div class=\"ical-title\">iCal Feed<\/div>\n\t\t\t<\/div>\n\t\t\t<div class=\"fbd-body\">\n\t\t\t\t<div class=\"fbd-dialog-content\">\n\t\t\t\t\t<label for=\"ical_tooltip_textarea_1\" class=\"fbd-label\">iCal feed URL\t\t\t\t\t<textarea id=\"ical_tooltip_textarea_1\" class=\"ical-url\"><\/textarea>\n\t\t\t\t\t<\/label>\n\t\t\t\t\t<p class=\"rhc-icalendar-description\">Obteniu feed per a iCal (Google Calendar). Aix\u00f2 \u00e9s per subscriure's als esdeveniments del Calendari. Afegiu aquest URL a iCal (Mac) o Google Calendar, o a qualsevol altre calendari que admeti iCal Feed.<\/p>\t\t\t\n\t\t\t\t\t<div class=\"fbd-buttons\">\n\t\t\t\t\t\t<a class=\"ical-clip fbd-button-secondary\" href=\"#\">Copy feed url to clipboard<\/a>\n\t\t\t\t\t\t<a class=\"ical-ics fbd-button-primary\" href=\"#\">Download ICS file<\/a>\n\t\t\t\t\t\t\n\t\t\t\t\t<\/div>\n\t\t\t\t<\/div>\n\t\t\n\t\t\t<\/div>\t\n\t\t<\/div>\n\t<\/div>\n    <div class=\"ical-overlay\"><\/div>\n<\/div>\n<div style=\"clear:both\"><\/div><noscript><ul><li><a href=\"https:\/\/www.esplac.cat\/events\/reunio-del-gran-comite-en-linia-8\/\">Reuni\u00f3 del Gran Comit\u00e8 (en l\u00ednia)<\/a><\/li><li><a href=\"https:\/\/www.esplac.cat\/events\/monifestat\/\">Monifesta't<\/a><\/li><li><a href=\"https:\/\/www.esplac.cat\/events\/reunions-de-sector-i-ages\/\">Reunions de sector i AGEs<\/a><\/li><li><a href=\"https:\/\/www.esplac.cat\/events\/tancada-del-gran-comite-i-age\/\">Tancada del Gran Comit\u00e8 i AGE<\/a><\/li><li><a href=\"https:\/\/www.esplac.cat\/events\/reunio-del-gran-comite-en-linia-9\/\">Reuni\u00f3 del Gran Comit\u00e8 (en l\u00ednia)<\/a><\/li><li><a href=\"https:\/\/www.esplac.cat\/events\/reunions-de-sector-15\/\">Reunions de sector<\/a><\/li><li><a href=\"https:\/\/www.esplac.cat\/events\/tancada-de-lequico-7\/\">Tancada de l'Equico<\/a><\/li><\/ul><a href=\"https:\/\/www.esplac.cat\/en\/wp-json\/wp\/v2\/pages\/27361\/rhc-past-events\/0\/\">Older events<\/a><a href=\"https:\/\/www.esplac.cat\/en\/wp-json\/wp\/v2\/pages\/27361\/rhc-upcoming-events\/1\/\">Next events<\/a><\/noscript><div itemscope itemtype=\"http:\/\/schema.org\/Event\"><meta itemprop=\"name\" content=\"Calendar\"><meta itemprop=\"url\" content=\"https:\/\/www.esplac.cat\/events\/reunio-del-gran-comite-en-linia-8\/\"><meta itemprop=\"startDate\" content=\"2026-05-06T00:00:00\"><meta itemprop=\"endDate\" content=\"2026-05-06T00:00:00\"><\/div><div itemscope itemtype=\"http:\/\/schema.org\/Event\"><meta itemprop=\"name\" content=\"Calendar\"><meta itemprop=\"url\" content=\"https:\/\/www.esplac.cat\/events\/monifestat\/\"><meta itemprop=\"startDate\" content=\"2026-05-08T00:00:00\"><meta itemprop=\"endDate\" content=\"2026-05-10T00:00:00\"><\/div><div itemscope itemtype=\"http:\/\/schema.org\/Event\"><meta itemprop=\"name\" content=\"Calendar\"><meta itemprop=\"url\" content=\"https:\/\/www.esplac.cat\/events\/reunions-de-sector-i-ages\/\"><meta itemprop=\"startDate\" content=\"2026-05-18T00:00:00\"><meta itemprop=\"endDate\" content=\"2026-05-22T00:00:00\"><\/div><div itemscope itemtype=\"http:\/\/schema.org\/Event\"><meta itemprop=\"name\" content=\"Calendar\"><meta itemprop=\"url\" content=\"https:\/\/www.esplac.cat\/events\/tancada-del-gran-comite-i-age\/\"><meta itemprop=\"startDate\" content=\"2026-05-30T00:00:00\"><meta itemprop=\"endDate\" content=\"2026-05-31T00:00:00\"><\/div><div itemscope itemtype=\"http:\/\/schema.org\/Event\"><meta itemprop=\"name\" content=\"Calendar\"><meta itemprop=\"url\" content=\"https:\/\/www.esplac.cat\/events\/reunio-del-gran-comite-en-linia-9\/\"><meta itemprop=\"startDate\" content=\"2026-06-04T00:00:00\"><meta itemprop=\"endDate\" content=\"2026-06-04T00:00:00\"><\/div><div itemscope itemtype=\"http:\/\/schema.org\/Event\"><meta itemprop=\"name\" content=\"Calendar\"><meta itemprop=\"url\" content=\"https:\/\/www.esplac.cat\/events\/reunions-de-sector-15\/\"><meta itemprop=\"startDate\" content=\"2026-06-15T00:00:00\"><meta itemprop=\"endDate\" content=\"2026-06-19T00:00:00\"><\/div><div itemscope itemtype=\"http:\/\/schema.org\/Event\"><meta itemprop=\"name\" content=\"Calendar\"><meta itemprop=\"url\" content=\"https:\/\/www.esplac.cat\/events\/tancada-de-lequico-7\/\"><meta itemprop=\"startDate\" content=\"2026-07-04T00:00:00\"><meta itemprop=\"endDate\" content=\"2026-07-05T00:00:00\"><\/div><\/div><div id=\"fct-item-template\" style=\"display:none;\" class=\"fct-tooltip\">\n\t<div class=\"fct-arrow-holder\">\n\t\t<div class=\"fct-arrow\"><\/div>\n\t\t<div class=\"fct-arrow-border\"><\/div>\t\t\n\t<\/div>\n\t<div class=\"fct-main\">\n\t\t<div class=\"fct-header\">\n\t\t\t<div class=\"fc-close-tooltip\"><a title=\"Close\" href=\"javascript:void(0);\"><\/a><\/div>\n\t\t\t<div class=\"fc-title\"><\/div>\n\t\t<\/div>\n\t\t<div class=\"fct-body\">\n\t\t\t<div class=\"fct-dbox\">\n\t\t\t\t<div class=\"fc-term-venue-gaddress fc-term-venue-gaddress\"><label>Address<\/label><\/div>\n\t\t\t\t<div class=\"fc-start\"><label class=\"tooltip-fc-start\">Start<\/label><\/div>\n\t\t\t\t<div class=\"fc-end\"><label class=\"tooltip-fc-end\">End<\/label><\/div>\n\t\t\t\t<div class=\"fc-hide fc-tax-venue\"><label class=\"tax-label\"><\/label><\/div>\t\t\t\n\t\t\t<\/div>\n\t\t\t<div class=\"fc-description\"><\/div>\n\t\t<\/div>\n\t\t<div class=\"fct-footer\">\n\t\t\t<div class=\"fc-social\"><\/div>\n           <div class=\"fc-image\"><\/div>\n\t\t<\/div>\t\n\t<\/div>\n<\/div>\n<div style=\"display:none;\" class=\"event_list_template\"><div class=\"fc-event-list-container\">\n\t<!-- you can replace with custom content to be displayed before the items -->\n\t<div class=\"fc-event-list-holder\">\n\t\t<div class=\"fc-event-list-no-events fc-remove\"><div class=\"fc-no-list-events-message\"><\/div><\/div>\n\t\t<div class=\"fc-event-list-date fc-remove\"><h3 class=\"fc-event-list-date-header\"><\/h3><\/div>\n\t\t<div class=\"fc-event-list-item fc-remove\">\n\t\t\t<div class=\"fc-event-list-content\">\n\t\t\t\t<h4><a class=\"fc-event-link fc-event-list-title\" href=\"{link}\" target=\"_BLANK\">{title}<\/a><\/h4>\n\n\t\t\t\t<div class=\"rhc fe-extrainfo-container elist-dbox fe-have-image-1\" >\n\t\t\t\t\t<div class=\"fe-extrainfo-container2 row-fluid\">\n\t\t\t\t\t\t<div class=\"fe-extrainfo-holder fe-extrainfo-col2 span8\">\n\t\t\t\t\t\t\t<div class=\"row-fluid\">\n\t\t\t\t\t\t\t\t<div class=\"span12 fe-cell-label dbox-title rhc-info-cell fe-cell-label\">\n\t\t\t\t\t\t\t\t\t<label class=\"fe-extrainfo-label\">Event details<\/label>\n\t\t\t\t\t\t\t\t<\/div>\n\t\t\t\t\t\t\t<\/div>\n\t\t\t\t\t\t\t\n\t\t\t\t\t\t\t<div class=\"row-fluid\">\n\t\t\t\t\t\t\t\t<div class=\"span6 fe-maincol fe-maincol-0\">\n\t\t\t\t\t\t\t\t\t<div class=\"rhc-info-cell\">\n\t\t\t\t\t\t\t\t\t\t<label class=\"fe-extrainfo-label\">Start<\/label>\n\t\t\t\t\t\t\t\t\t\t<span class=\"fe-extrainfo-value fc-start\">{fc-start}<\/span>&nbsp;\n\t\t\t\t\t\t\t\t\t\t<span class=\"fe-extrainfo-value fc-time\"><\/span>\n\t\t\t\t\t\t\t\t\t<\/div>\t\n\t\t\t\t\t\t\t\t\t\n\t\t\t\t\t\t\t\t\t<div class=\"rhc-info-cell\">\n\t\t\t\t\t\t\t\t\t\t<label class=\"fe-extrainfo-label\">End<\/label>\n\t\t\t\t\t\t\t\t\t\t<span class=\"fe-extrainfo-value fc-end\">{fc-end}<\/span>&nbsp;\n\t\t\t\t\t\t\t\t\t\t<span class=\"fe-extrainfo-value fc-end-time\"><\/span>\n\t\t\t\t\t\t\t\t\t<\/div>\t\n\t\t\t\t\t\t\t\t\t\n\t\t\t\t\t\t\t\t\t<div class=\"rhc-info-cell\">\n\t\t\t\t\t\t\t\t\t\t<label class=\"fe-extrainfo-label\">Address<\/label>\n\t\t\t\t\t\t\t\t\t\t<span class=\"fe-extrainfo-value fc-event-term taxonomy-venue-gaddress\"><\/span>\n\t\t\t\t\t\t\t\t\t<\/div>\t\n\t\t\t\t\t\t\t\t<\/div>\n\t\t\t\t\t\t\t\t<div class=\"span6 fe-maincol fe-maincol-1\">\t\t\t\t\t\t\n\t\t\t\t\t\t\t\t\t<div class=\"rhc-info-cell\">\n\t\t\t\t\t\t\t\t\t\t<label class=\"fe-extrainfo-label\">Venue<\/label>\n\t\t\t\t\t\t\t\t\t\t<span class=\"fe-extrainfo-value fc-event-term taxonomy-venue\">{venue}<\/span>\n\t\t\t\t\t\t\t\t\t<\/div>\t\n\t\t\t\t\t\t\t\t\t<div class=\"rhc-info-cell\">\n\t\t\t\t\t\t\t\t\t\t<label class=\"fe-extrainfo-label\">Organizer<\/label>\n\t\t\t\t\t\t\t\t\t\t<span class=\"fe-extrainfo-value fc-event-term taxonomy-organizer\">{organizer}<\/span>\n\t\t\t\t\t\t\t\t\t<\/div>\t\n\t\t\t\t\t\t\t\t<\/div>\n\t\t\t\t\t\t\t<\/div>\n\t\t\t\n\t\t\t\t\t\t\t<div class=\"fc-event-list-description dbox-description\">{description}<\/div>\n\t\t\t\t\t\t\t\t\n\t\t\t\t\t\t<\/div>\n\t\t\t\t\t\t<div class=\"fe-image-holder span4\">\n\t\t\t\t\t\t\t<div class=\"fc-event-list-featured-image\">\n\t\t\t\t\t\t\t\t<a class=\"fc-event-link\" href=\"{link}\" target=\"_BLANK\"><img decoding=\"async\" class=\"fc-event-list-image\" src=\"\" \/><\/a>\n\t\t\t\t\t\t\t<\/div>\n\t\t\t\t\t\t<\/div>\n\t\t\t\t\t<\/div>\n\t\t\t\t<\/div>\t\t\t\t\n\n\t\t\t<\/div>\n\t\t\t<div class=\"fc-event-list-clear\"><\/div>\n\t\t\t\n\t\t<\/div>\n\t<\/div>\n<\/div><\/div>\n<\/div><div class=\"fusion-clearfix\"><\/div><\/div><\/div><\/div><\/div><div class=\"fusion-fullwidth fullwidth-box fusion-builder-row-2 fusion-flex-container nonhundred-percent-fullwidth non-hundred-percent-height-scrolling\" style=\"--awb-border-radius-top-left:0px;--awb-border-radius-top-right:0px;--awb-border-radius-bottom-right:0px;--awb-border-radius-bottom-left:0px;--awb-padding-top:30px;--awb-background-color:#ededed;--awb-flex-wrap:wrap;\" ><\/div>\n<\/p>\n","protected":false},"excerpt":{"rendered":"","protected":false},"author":1,"featured_media":0,"parent":28136,"menu_order":0,"comment_status":"closed","ping_status":"closed","template":"100-width.php","meta":{"om_disable_all_campaigns":false,"_monsterinsights_skip_tracking":false,"_monsterinsights_sitenote_active":false,"_monsterinsights_sitenote_note":"","_monsterinsights_sitenote_category":0,"_uf_show_specific_survey":0,"_uf_disable_surveys":false,"footnotes":""},"class_list":["post-27361","page","type-page","status-publish","hentry"],"yoast_head":"<!-- This site is optimized with the Yoast SEO plugin v27.4 - https:\/\/yoast.com\/product\/yoast-seo-wordpress\/ -->\n<title>Calendar - Esplac<\/title>\n<meta name=\"robots\" content=\"index, follow, max-snippet:-1, max-image-preview:large, max-video-preview:-1\" \/>\n<link rel=\"canonical\" href=\"https:\/\/www.esplac.cat\/en\/calendar\/\" \/>\n<meta property=\"og:locale\" content=\"en_US\" \/>\n<meta property=\"og:type\" content=\"article\" \/>\n<meta property=\"og:title\" content=\"Calendar - Esplac\" \/>\n<meta property=\"og:url\" content=\"https:\/\/www.esplac.cat\/en\/calendar\/\" \/>\n<meta property=\"og:site_name\" content=\"Esplac\" \/>\n<meta property=\"article:modified_time\" content=\"2019-12-20T13:22:17+00:00\" \/>\n<meta property=\"og:image\" content=\"https:\/\/www.esplac.cat\/wp-content\/uploads\/2019\/11\/logo-open.jpg\" \/>\n\t<meta property=\"og:image:width\" content=\"1200\" \/>\n\t<meta property=\"og:image:height\" content=\"630\" \/>\n\t<meta property=\"og:image:type\" content=\"image\/jpeg\" \/>\n<meta name=\"twitter:card\" content=\"summary_large_image\" \/>\n<meta name=\"twitter:label1\" content=\"Est. reading time\" \/>\n\t<meta name=\"twitter:data1\" content=\"1 minute\" \/>\n<script type=\"application\/ld+json\" class=\"yoast-schema-graph\">{\"@context\":\"https:\\\/\\\/schema.org\",\"@graph\":[{\"@type\":\"WebPage\",\"@id\":\"https:\\\/\\\/www.esplac.cat\\\/en\\\/calendar\\\/\",\"url\":\"https:\\\/\\\/www.esplac.cat\\\/en\\\/calendar\\\/\",\"name\":\"Calendar - Esplac\",\"isPartOf\":{\"@id\":\"https:\\\/\\\/www.esplac.cat\\\/#website\"},\"datePublished\":\"2019-08-06T17:51:12+00:00\",\"dateModified\":\"2019-12-20T13:22:17+00:00\",\"breadcrumb\":{\"@id\":\"https:\\\/\\\/www.esplac.cat\\\/en\\\/calendar\\\/#breadcrumb\"},\"inLanguage\":\"en-US\",\"potentialAction\":[{\"@type\":\"ReadAction\",\"target\":[\"https:\\\/\\\/www.esplac.cat\\\/en\\\/calendar\\\/\"]}]},{\"@type\":\"BreadcrumbList\",\"@id\":\"https:\\\/\\\/www.esplac.cat\\\/en\\\/calendar\\\/#breadcrumb\",\"itemListElement\":[{\"@type\":\"ListItem\",\"position\":1,\"name\":\"Inici\",\"item\":\"https:\\\/\\\/www.esplac.cat\\\/en\\\/\"},{\"@type\":\"ListItem\",\"position\":2,\"name\":\"Calendar\"}]},{\"@type\":\"WebSite\",\"@id\":\"https:\\\/\\\/www.esplac.cat\\\/#website\",\"url\":\"https:\\\/\\\/www.esplac.cat\\\/\",\"name\":\"Esplac\",\"description\":\"Esplais Catalans\",\"publisher\":{\"@id\":\"https:\\\/\\\/www.esplac.cat\\\/#organization\"},\"potentialAction\":[{\"@type\":\"SearchAction\",\"target\":{\"@type\":\"EntryPoint\",\"urlTemplate\":\"https:\\\/\\\/www.esplac.cat\\\/?s={search_term_string}\"},\"query-input\":{\"@type\":\"PropertyValueSpecification\",\"valueRequired\":true,\"valueName\":\"search_term_string\"}}],\"inLanguage\":\"en-US\"},{\"@type\":\"Organization\",\"@id\":\"https:\\\/\\\/www.esplac.cat\\\/#organization\",\"name\":\"Esplac\",\"url\":\"https:\\\/\\\/www.esplac.cat\\\/\",\"logo\":{\"@type\":\"ImageObject\",\"inLanguage\":\"en-US\",\"@id\":\"https:\\\/\\\/www.esplac.cat\\\/#\\\/schema\\\/logo\\\/image\\\/\",\"url\":\"https:\\\/\\\/www.esplac.cat\\\/wp-content\\\/uploads\\\/2019\\\/08\\\/logox2.png\",\"contentUrl\":\"https:\\\/\\\/www.esplac.cat\\\/wp-content\\\/uploads\\\/2019\\\/08\\\/logox2.png\",\"width\":600,\"height\":295,\"caption\":\"Esplac\"},\"image\":{\"@id\":\"https:\\\/\\\/www.esplac.cat\\\/#\\\/schema\\\/logo\\\/image\\\/\"}}]}<\/script>\n<!-- \/ Yoast SEO plugin. -->","yoast_head_json":{"title":"Calendar - Esplac","robots":{"index":"index","follow":"follow","max-snippet":"max-snippet:-1","max-image-preview":"max-image-preview:large","max-video-preview":"max-video-preview:-1"},"canonical":"https:\/\/www.esplac.cat\/en\/calendar\/","og_locale":"en_US","og_type":"article","og_title":"Calendar - Esplac","og_url":"https:\/\/www.esplac.cat\/en\/calendar\/","og_site_name":"Esplac","article_modified_time":"2019-12-20T13:22:17+00:00","og_image":[{"width":1200,"height":630,"url":"https:\/\/www.esplac.cat\/wp-content\/uploads\/2019\/11\/logo-open.jpg","type":"image\/jpeg"}],"twitter_card":"summary_large_image","twitter_misc":{"Est. reading time":"1 minute"},"schema":{"@context":"https:\/\/schema.org","@graph":[{"@type":"WebPage","@id":"https:\/\/www.esplac.cat\/en\/calendar\/","url":"https:\/\/www.esplac.cat\/en\/calendar\/","name":"Calendar - Esplac","isPartOf":{"@id":"https:\/\/www.esplac.cat\/#website"},"datePublished":"2019-08-06T17:51:12+00:00","dateModified":"2019-12-20T13:22:17+00:00","breadcrumb":{"@id":"https:\/\/www.esplac.cat\/en\/calendar\/#breadcrumb"},"inLanguage":"en-US","potentialAction":[{"@type":"ReadAction","target":["https:\/\/www.esplac.cat\/en\/calendar\/"]}]},{"@type":"BreadcrumbList","@id":"https:\/\/www.esplac.cat\/en\/calendar\/#breadcrumb","itemListElement":[{"@type":"ListItem","position":1,"name":"Inici","item":"https:\/\/www.esplac.cat\/en\/"},{"@type":"ListItem","position":2,"name":"Calendar"}]},{"@type":"WebSite","@id":"https:\/\/www.esplac.cat\/#website","url":"https:\/\/www.esplac.cat\/","name":"Esplac","description":"Esplais Catalans","publisher":{"@id":"https:\/\/www.esplac.cat\/#organization"},"potentialAction":[{"@type":"SearchAction","target":{"@type":"EntryPoint","urlTemplate":"https:\/\/www.esplac.cat\/?s={search_term_string}"},"query-input":{"@type":"PropertyValueSpecification","valueRequired":true,"valueName":"search_term_string"}}],"inLanguage":"en-US"},{"@type":"Organization","@id":"https:\/\/www.esplac.cat\/#organization","name":"Esplac","url":"https:\/\/www.esplac.cat\/","logo":{"@type":"ImageObject","inLanguage":"en-US","@id":"https:\/\/www.esplac.cat\/#\/schema\/logo\/image\/","url":"https:\/\/www.esplac.cat\/wp-content\/uploads\/2019\/08\/logox2.png","contentUrl":"https:\/\/www.esplac.cat\/wp-content\/uploads\/2019\/08\/logox2.png","width":600,"height":295,"caption":"Esplac"},"image":{"@id":"https:\/\/www.esplac.cat\/#\/schema\/logo\/image\/"}}]}},"_links":{"self":[{"href":"https:\/\/www.esplac.cat\/en\/wp-json\/wp\/v2\/pages\/27361","targetHints":{"allow":["GET"]}}],"collection":[{"href":"https:\/\/www.esplac.cat\/en\/wp-json\/wp\/v2\/pages"}],"about":[{"href":"https:\/\/www.esplac.cat\/en\/wp-json\/wp\/v2\/types\/page"}],"author":[{"embeddable":true,"href":"https:\/\/www.esplac.cat\/en\/wp-json\/wp\/v2\/users\/1"}],"replies":[{"embeddable":true,"href":"https:\/\/www.esplac.cat\/en\/wp-json\/wp\/v2\/comments?post=27361"}],"version-history":[{"count":0,"href":"https:\/\/www.esplac.cat\/en\/wp-json\/wp\/v2\/pages\/27361\/revisions"}],"up":[{"embeddable":true,"href":"https:\/\/www.esplac.cat\/en\/wp-json\/wp\/v2\/pages\/28136"}],"wp:attachment":[{"href":"https:\/\/www.esplac.cat\/en\/wp-json\/wp\/v2\/media?parent=27361"}],"curies":[{"name":"wp","href":"https:\/\/api.w.org\/{rel}","templated":true}]}}