{"id":27995,"date":"2019-11-04T15:01:38","date_gmt":"2019-11-04T13:01:38","guid":{"rendered":"https:\/\/www.esplac.cat\/balanc-social\/"},"modified":"2024-09-03T13:14:19","modified_gmt":"2024-09-03T11:14:19","slug":"balanc-social","status":"publish","type":"page","link":"https:\/\/www.esplac.cat\/es\/transparencia\/balanc-social\/","title":{"rendered":"Balan\u00e7 social"},"content":{"rendered":"<p><div class=\"fusion-fullwidth fullwidth-box fusion-builder-row-1 fusion-flex-container nonhundred-percent-fullwidth non-hundred-percent-height-scrolling\" style=\"--awb-border-radius-top-left:0px;--awb-border-radius-top-right:0px;--awb-border-radius-bottom-right:0px;--awb-border-radius-bottom-left:0px;--awb-flex-wrap:wrap;\" ><div class=\"fusion-builder-row fusion-row fusion-flex-align-items-flex-start fusion-flex-content-wrap\" style=\"max-width:1248px;margin-left: calc(-4% \/ 2 );margin-right: calc(-4% \/ 2 );\"><div class=\"fusion-layout-column fusion_builder_column fusion-builder-column-0 fusion_builder_column_1_1 1_1 fusion-flex-column\" style=\"--awb-bg-size:cover;--awb-width-large:100%;--awb-margin-top-large:0px;--awb-spacing-right-large:1.92%;--awb-margin-bottom-large:0px;--awb-spacing-left-large:1.92%;--awb-width-medium:100%;--awb-spacing-right-medium:1.92%;--awb-spacing-left-medium:1.92%;--awb-width-small:100%;--awb-spacing-right-small:1.92%;--awb-spacing-left-small:1.92%;\"><div class=\"fusion-column-wrapper fusion-flex-justify-content-flex-start fusion-content-layout-column\"><div class=\"fusion-text fusion-text-1\" style=\"--awb-text-transform:none;\"><h3 style=\"text-align: left;\"><strong>El balan\u00e7 social d&#8217;Esplac<\/strong><\/h3>\n<p style=\"text-align: left;\">El Balan\u00e7 Social \u00e9s una eina de rendici\u00f3 de comptes i mesura d\u2019impacte social, ambiental i de bon govern. Ens permet tenir dades agregades dels est\u00e0ndards \u00e8tics de l\u2019Economia Solid\u00e0ria i el Mercat Social.El balan\u00e7 social avalua de forma sistem\u00e0tica, objectiva i peri\u00f2dica cinc grans caracter\u00edstiques de tota empresa o entitat que vulgui ser socialment responsable: la <strong>democr\u00e0cia<\/strong>, la<strong> igualtat<\/strong>, el <strong>comprom\u00eds ambiental<\/strong>, el <strong>comprom\u00eds social<\/strong> i la <strong>qualitat laboral<\/strong>. A continuaci\u00f3 podreu trobar els informes dels darrers anys.<\/p>\n<\/div><\/div><\/div><\/div><\/div><div class=\"fusion-fullwidth fullwidth-box fusion-builder-row-2 fusion-flex-container has-pattern-background has-mask-background nonhundred-percent-fullwidth non-hundred-percent-height-scrolling\" style=\"--awb-border-radius-top-left:0px;--awb-border-radius-top-right:0px;--awb-border-radius-bottom-right:0px;--awb-border-radius-bottom-left:0px;--awb-flex-wrap:wrap;\" ><div class=\"fusion-builder-row fusion-row fusion-flex-align-items-flex-start fusion-flex-content-wrap\" style=\"max-width:1248px;margin-left: calc(-4% \/ 2 );margin-right: calc(-4% \/ 2 );\"><div class=\"fusion-layout-column fusion_builder_column fusion-builder-column-1 fusion_builder_column_1_1 1_1 fusion-flex-column\" style=\"--awb-bg-size:cover;--awb-width-large:100%;--awb-margin-top-large:0px;--awb-spacing-right-large:1.92%;--awb-margin-bottom-large:20px;--awb-spacing-left-large:1.92%;--awb-width-medium:100%;--awb-order-medium:0;--awb-spacing-right-medium:1.92%;--awb-spacing-left-medium:1.92%;--awb-width-small:100%;--awb-order-small:0;--awb-spacing-right-small:1.92%;--awb-spacing-left-small:1.92%;\"><div class=\"fusion-column-wrapper fusion-column-has-shadow fusion-flex-justify-content-flex-start fusion-content-layout-column\"><div class=\"fusion-tabs fusion-tabs-1 classic vertical-tabs icon-position-left mobile-mode-accordion\" style=\"--awb-title-border-radius-top-left:0px;--awb-title-border-radius-top-right:0px;--awb-title-border-radius-bottom-right:0px;--awb-title-border-radius-bottom-left:0px;--awb-alignment:start;--awb-inactive-color:#ebeaea;--awb-background-color:#ffffff;--awb-border-color:#ebeaea;--awb-active-border-color:#f69d0b;\"><div class=\"nav\"><ul class=\"nav-tabs\" role=\"tablist\"><li class=\"active\" role=\"presentation\"><a class=\"tab-link\" data-toggle=\"tab\" role=\"tab\" aria-controls=\"tab-1ad5a92da715d5a084f\" aria-selected=\"true\" id=\"fusion-tab-2022\" href=\"#tab-1ad5a92da715d5a084f\"><h4 class=\"fusion-tab-heading\">2022<\/h4><\/a><\/li><li role=\"presentation\"><a class=\"tab-link\" data-toggle=\"tab\" role=\"tab\" aria-controls=\"tab-edd1804eeb13ffc4b83\" aria-selected=\"false\" tabindex=\"-1\" id=\"fusion-tab-2021\" href=\"#tab-edd1804eeb13ffc4b83\"><h4 class=\"fusion-tab-heading\">2021<\/h4><\/a><\/li><li role=\"presentation\"><a class=\"tab-link\" data-toggle=\"tab\" role=\"tab\" aria-controls=\"tab-4e9456ed257d34c5bba\" aria-selected=\"false\" tabindex=\"-1\" id=\"fusion-tab-2020\" href=\"#tab-4e9456ed257d34c5bba\"><h4 class=\"fusion-tab-heading\">2020<\/h4><\/a><\/li><li role=\"presentation\"><a class=\"tab-link\" data-toggle=\"tab\" role=\"tab\" aria-controls=\"tab-c25ebb592888bcccefe\" aria-selected=\"false\" tabindex=\"-1\" id=\"fusion-tab-2019\" href=\"#tab-c25ebb592888bcccefe\"><h4 class=\"fusion-tab-heading\">2019<\/h4><\/a><\/li><li role=\"presentation\"><a class=\"tab-link\" data-toggle=\"tab\" role=\"tab\" aria-controls=\"tab-67d036d57e6856da83f\" aria-selected=\"false\" tabindex=\"-1\" id=\"fusion-tab-2018\" href=\"#tab-67d036d57e6856da83f\"><h4 class=\"fusion-tab-heading\">2018<\/h4><\/a><\/li><li role=\"presentation\"><a class=\"tab-link\" data-toggle=\"tab\" role=\"tab\" aria-controls=\"tab-2a9234c3a4a37174976\" aria-selected=\"false\" tabindex=\"-1\" id=\"fusion-tab-2016\" href=\"#tab-2a9234c3a4a37174976\"><h4 class=\"fusion-tab-heading\">2016<\/h4><\/a><\/li><li role=\"presentation\"><a class=\"tab-link\" data-toggle=\"tab\" role=\"tab\" aria-controls=\"tab-e7d2f12176b063a96bc\" aria-selected=\"false\" tabindex=\"-1\" id=\"fusion-tab-2015\" href=\"#tab-e7d2f12176b063a96bc\"><h4 class=\"fusion-tab-heading\">2015<\/h4><\/a><\/li><li role=\"presentation\"><a class=\"tab-link\" data-toggle=\"tab\" role=\"tab\" aria-controls=\"tab-18f74fbc5d3b488b827\" aria-selected=\"false\" tabindex=\"-1\" id=\"fusion-tab-2014\" href=\"#tab-18f74fbc5d3b488b827\"><h4 class=\"fusion-tab-heading\">2014<\/h4><\/a><\/li><li role=\"presentation\"><a class=\"tab-link\" data-toggle=\"tab\" role=\"tab\" aria-controls=\"tab-3fc2ded993f1a3e4947\" aria-selected=\"false\" tabindex=\"-1\" id=\"fusion-tab-2013\" href=\"#tab-3fc2ded993f1a3e4947\"><h4 class=\"fusion-tab-heading\">2013<\/h4><\/a><\/li><\/ul><\/div><div class=\"tab-content\"><div class=\"nav fusion-mobile-tab-nav\"><ul class=\"nav-tabs\" role=\"tablist\"><li class=\"active\" role=\"presentation\"><a class=\"tab-link\" data-toggle=\"tab\" role=\"tab\" aria-controls=\"tab-1ad5a92da715d5a084f\" aria-selected=\"true\" id=\"mobile-fusion-tab-2022\" href=\"#tab-1ad5a92da715d5a084f\"><h4 class=\"fusion-tab-heading\">2022<\/h4><\/a><\/li><\/ul><\/div><div class=\"tab-pane fade fusion-clearfix in active\" role=\"tabpanel\" tabindex=\"0\" aria-labelledby=\"fusion-tab-2022\" id=\"tab-1ad5a92da715d5a084f\">\n<ul>\n<li><a href=\"https:\/\/www.esplac.cat\/wp-content\/uploads\/2024\/01\/Balanc-Social-2022.pdf\" target=\"_blank\" rel=\"noopener\"><span style=\"color: #f69d0b;\">Balan\u00e7 social 2022<\/span><\/a><\/li>\n<\/ul>\n<\/div><div class=\"nav fusion-mobile-tab-nav\"><ul class=\"nav-tabs\" role=\"tablist\"><li role=\"presentation\"><a class=\"tab-link\" data-toggle=\"tab\" role=\"tab\" aria-controls=\"tab-edd1804eeb13ffc4b83\" aria-selected=\"false\" tabindex=\"-1\" id=\"mobile-fusion-tab-2021\" href=\"#tab-edd1804eeb13ffc4b83\"><h4 class=\"fusion-tab-heading\">2021<\/h4><\/a><\/li><\/ul><\/div><div class=\"tab-pane fade fusion-clearfix\" role=\"tabpanel\" tabindex=\"0\" aria-labelledby=\"fusion-tab-2021\" id=\"tab-edd1804eeb13ffc4b83\">\n<ul>\n<li><a href=\"https:\/\/www.esplac.cat\/wp-content\/uploads\/2022\/09\/Balanc-social-2021.pdf\" target=\"_blank\" rel=\"noopener\"><span style=\"color: #f69d0b;\">Balan\u00e7 social 2021<\/span><\/a><\/li>\n<\/ul>\n<\/div><div class=\"nav fusion-mobile-tab-nav\"><ul class=\"nav-tabs\" role=\"tablist\"><li role=\"presentation\"><a class=\"tab-link\" data-toggle=\"tab\" role=\"tab\" aria-controls=\"tab-4e9456ed257d34c5bba\" aria-selected=\"false\" tabindex=\"-1\" id=\"mobile-fusion-tab-2020\" href=\"#tab-4e9456ed257d34c5bba\"><h4 class=\"fusion-tab-heading\">2020<\/h4><\/a><\/li><\/ul><\/div><div class=\"tab-pane fade fusion-clearfix\" role=\"tabpanel\" tabindex=\"0\" aria-labelledby=\"fusion-tab-2020\" id=\"tab-4e9456ed257d34c5bba\">\n<ul>\n<li><a href=\"https:\/\/www.esplac.cat\/wp-content\/uploads\/2021\/09\/Balanc-Social-2020-Esplac.pdf\" target=\"_blank\" rel=\"noopener\"><span style=\"color: #f69d0b;\">Balan\u00e7 social 2020<\/span><\/a><\/li>\n<\/ul>\n<\/div><div class=\"nav fusion-mobile-tab-nav\"><ul class=\"nav-tabs\" role=\"tablist\"><li role=\"presentation\"><a class=\"tab-link\" data-toggle=\"tab\" role=\"tab\" aria-controls=\"tab-c25ebb592888bcccefe\" aria-selected=\"false\" tabindex=\"-1\" id=\"mobile-fusion-tab-2019\" href=\"#tab-c25ebb592888bcccefe\"><h4 class=\"fusion-tab-heading\">2019<\/h4><\/a><\/li><\/ul><\/div><div class=\"tab-pane fade fusion-clearfix\" role=\"tabpanel\" tabindex=\"0\" aria-labelledby=\"fusion-tab-2019\" id=\"tab-c25ebb592888bcccefe\">\n<ul>\n<li><span style=\"color: #f69d0b;\"><a style=\"color: #f69d0b;\" href=\"https:\/\/www.esplac.cat\/wp-content\/uploads\/2022\/05\/Balanc\u0327-Social_2020.pdf\" target=\"_blank\" rel=\"noopener\">Balan\u00e7 social 2019<\/a><\/span><\/li>\n<\/ul>\n<\/div><div class=\"nav fusion-mobile-tab-nav\"><ul class=\"nav-tabs\" role=\"tablist\"><li role=\"presentation\"><a class=\"tab-link\" data-toggle=\"tab\" role=\"tab\" aria-controls=\"tab-67d036d57e6856da83f\" aria-selected=\"false\" tabindex=\"-1\" id=\"mobile-fusion-tab-2018\" href=\"#tab-67d036d57e6856da83f\"><h4 class=\"fusion-tab-heading\">2018<\/h4><\/a><\/li><\/ul><\/div><div class=\"tab-pane fade fusion-clearfix\" role=\"tabpanel\" tabindex=\"0\" aria-labelledby=\"fusion-tab-2018\" id=\"tab-67d036d57e6856da83f\">\n<ul>\n<li><a href=\"https:\/\/www.esplac.cat\/wp-content\/uploads\/2019\/11\/Balanc\u0327_social_2018-1.pdf\" target=\"_blank\" rel=\"noopener\"><span style=\"color: #f69d0b;\">Balan\u00e7 social 2018<\/span><\/a><\/li>\n<\/ul>\n<\/div><div class=\"nav fusion-mobile-tab-nav\"><ul class=\"nav-tabs\" role=\"tablist\"><li role=\"presentation\"><a class=\"tab-link\" data-toggle=\"tab\" role=\"tab\" aria-controls=\"tab-2a9234c3a4a37174976\" aria-selected=\"false\" tabindex=\"-1\" id=\"mobile-fusion-tab-2016\" href=\"#tab-2a9234c3a4a37174976\"><h4 class=\"fusion-tab-heading\">2016<\/h4><\/a><\/li><\/ul><\/div><div class=\"tab-pane fade fusion-clearfix\" role=\"tabpanel\" tabindex=\"0\" aria-labelledby=\"fusion-tab-2016\" id=\"tab-2a9234c3a4a37174976\">\n<ul>\n<li><span style=\"color: #f69d0b;\"><a style=\"color: #f69d0b;\" href=\"https:\/\/www.esplac.cat\/wp-content\/uploads\/2019\/11\/Balanc\u0327_social_2016-1.pdf\" target=\"_blank\" rel=\"noopener\">Balan\u00e7 social 2016<\/a><\/span><\/li>\n<\/ul>\n<\/div><div class=\"nav fusion-mobile-tab-nav\"><ul class=\"nav-tabs\" role=\"tablist\"><li role=\"presentation\"><a class=\"tab-link\" data-toggle=\"tab\" role=\"tab\" aria-controls=\"tab-e7d2f12176b063a96bc\" aria-selected=\"false\" tabindex=\"-1\" id=\"mobile-fusion-tab-2015\" href=\"#tab-e7d2f12176b063a96bc\"><h4 class=\"fusion-tab-heading\">2015<\/h4><\/a><\/li><\/ul><\/div><div class=\"tab-pane fade fusion-clearfix\" role=\"tabpanel\" tabindex=\"0\" aria-labelledby=\"fusion-tab-2015\" id=\"tab-e7d2f12176b063a96bc\">\n<ul>\n<li><a href=\"https:\/\/www.esplac.cat\/wp-content\/uploads\/2019\/11\/Balanc_social_2015.pdf\" target=\"_blank\" rel=\"noopener\"><span style=\"color: #f69d0b;\">Balan\u00e7 social 2015<\/span><\/a><\/li>\n<\/ul>\n<\/div><div class=\"nav fusion-mobile-tab-nav\"><ul class=\"nav-tabs\" role=\"tablist\"><li role=\"presentation\"><a class=\"tab-link\" data-toggle=\"tab\" role=\"tab\" aria-controls=\"tab-18f74fbc5d3b488b827\" aria-selected=\"false\" tabindex=\"-1\" id=\"mobile-fusion-tab-2014\" href=\"#tab-18f74fbc5d3b488b827\"><h4 class=\"fusion-tab-heading\">2014<\/h4><\/a><\/li><\/ul><\/div><div class=\"tab-pane fade fusion-clearfix\" role=\"tabpanel\" tabindex=\"0\" aria-labelledby=\"fusion-tab-2014\" id=\"tab-18f74fbc5d3b488b827\">\n<ul>\n<li><span style=\"color: #f69d0b;\"><a style=\"color: #f69d0b;\" href=\"https:\/\/www.esplac.cat\/wp-content\/uploads\/2019\/11\/Balanc_social_2014.pdf\" target=\"_blank\" rel=\"noopener\">Balan\u00e7 social 2014<\/a><\/span><\/li>\n<\/ul>\n<\/div><div class=\"nav fusion-mobile-tab-nav\"><ul class=\"nav-tabs\" role=\"tablist\"><li role=\"presentation\"><a class=\"tab-link\" data-toggle=\"tab\" role=\"tab\" aria-controls=\"tab-3fc2ded993f1a3e4947\" aria-selected=\"false\" tabindex=\"-1\" id=\"mobile-fusion-tab-2013\" href=\"#tab-3fc2ded993f1a3e4947\"><h4 class=\"fusion-tab-heading\">2013<\/h4><\/a><\/li><\/ul><\/div><div class=\"tab-pane fade fusion-clearfix\" role=\"tabpanel\" tabindex=\"0\" aria-labelledby=\"fusion-tab-2013\" id=\"tab-3fc2ded993f1a3e4947\">\n<ul>\n<li><span style=\"color: #f69d0b;\"><a style=\"color: #f69d0b;\" href=\"https:\/\/www.esplac.cat\/wp-content\/uploads\/2019\/11\/Balanc_social_2013.pdf\" target=\"_blank\" rel=\"noopener\">Balan\u00e7 social 2013<\/a><\/span><\/li>\n<\/ul>\n<\/div><\/div><\/div>\n<\/div><\/div><\/div><\/div><div class=\"fusion-fullwidth fullwidth-box fusion-builder-row-3 fusion-flex-container has-pattern-background has-mask-background nonhundred-percent-fullwidth non-hundred-percent-height-scrolling\" style=\"--awb-border-radius-top-left:0px;--awb-border-radius-top-right:0px;--awb-border-radius-bottom-right:0px;--awb-border-radius-bottom-left:0px;--awb-flex-wrap:wrap;\" ><div class=\"fusion-builder-row fusion-row fusion-flex-align-items-flex-start fusion-flex-content-wrap\" style=\"max-width:1248px;margin-left: calc(-4% \/ 2 );margin-right: calc(-4% \/ 2 );\"><div class=\"fusion-layout-column fusion_builder_column fusion-builder-column-2 fusion_builder_column_1_1 1_1 fusion-flex-column\" style=\"--awb-bg-size:cover;--awb-width-large:100%;--awb-margin-top-large:0px;--awb-spacing-right-large:1.92%;--awb-margin-bottom-large:20px;--awb-spacing-left-large:1.92%;--awb-width-medium:100%;--awb-order-medium:0;--awb-spacing-right-medium:1.92%;--awb-spacing-left-medium:1.92%;--awb-width-small:100%;--awb-order-small:0;--awb-spacing-right-small:1.92%;--awb-spacing-left-small:1.92%;\"><div class=\"fusion-column-wrapper fusion-column-has-shadow fusion-flex-justify-content-flex-start fusion-content-layout-column\"><div class=\"fusion-text fusion-text-2\" style=\"--awb-text-transform:none;\"><p><img decoding=\"async\" class=\"wp-image-48624 size-fusion-200 alignleft\" src=\"https:\/\/www.esplac.cat\/wp-content\/uploads\/2024\/01\/Segell-200x225.png\" alt=\"\" width=\"200\" height=\"225\" srcset=\"https:\/\/www.esplac.cat\/wp-content\/uploads\/2024\/01\/Segell-200x225.png 200w, https:\/\/www.esplac.cat\/wp-content\/uploads\/2024\/01\/Segell-267x300.png 267w, https:\/\/www.esplac.cat\/wp-content\/uploads\/2024\/01\/Segell-400x450.png 400w, https:\/\/www.esplac.cat\/wp-content\/uploads\/2024\/01\/Segell-600x675.png 600w, https:\/\/www.esplac.cat\/wp-content\/uploads\/2024\/01\/Segell-768x864.png 768w, https:\/\/www.esplac.cat\/wp-content\/uploads\/2024\/01\/Segell-800x900.png 800w, https:\/\/www.esplac.cat\/wp-content\/uploads\/2024\/01\/Segell.png 884w\" sizes=\"(max-width: 200px) 100vw, 200px\" \/><\/p>\n<\/div><div class=\"fusion-separator fusion-full-width-sep\" style=\"align-self: center;margin-left: auto;margin-right: auto;margin-top:20px;margin-bottom:20px;width:100%;\"><div class=\"fusion-separator-border sep-single\" style=\"--awb-height:20px;--awb-amount:20px;--awb-sep-color:rgba(246,157,11,0);border-color:rgba(246,157,11,0);border-top-width:1px;\"><\/div><\/div><\/div><\/div><\/div><\/div><\/p>\n","protected":false},"excerpt":{"rendered":"","protected":false},"author":3,"featured_media":0,"parent":28137,"menu_order":0,"comment_status":"closed","ping_status":"closed","template":"","meta":{"om_disable_all_campaigns":false,"_monsterinsights_skip_tracking":false,"_monsterinsights_sitenote_active":false,"_monsterinsights_sitenote_note":"","_monsterinsights_sitenote_category":0,"_uf_show_specific_survey":0,"_uf_disable_surveys":false,"footnotes":""},"class_list":["post-27995","page","type-page","status-publish","hentry"],"yoast_head":"<!-- This site is optimized with the Yoast SEO plugin v27.5 - https:\/\/yoast.com\/product\/yoast-seo-wordpress\/ -->\n<title>Balan\u00e7 social - Esplac<\/title>\n<meta name=\"robots\" content=\"index, follow, max-snippet:-1, max-image-preview:large, max-video-preview:-1\" \/>\n<link rel=\"canonical\" href=\"https:\/\/www.esplac.cat\/es\/transparencia\/balanc-social\/\" \/>\n<meta property=\"og:locale\" content=\"es_ES\" \/>\n<meta property=\"og:type\" content=\"article\" \/>\n<meta property=\"og:title\" content=\"Balan\u00e7 social - Esplac\" \/>\n<meta property=\"og:url\" content=\"https:\/\/www.esplac.cat\/es\/transparencia\/balanc-social\/\" \/>\n<meta property=\"og:site_name\" content=\"Esplac\" \/>\n<meta property=\"article:modified_time\" content=\"2024-09-03T11:14:19+00:00\" \/>\n<meta property=\"og:image\" content=\"https:\/\/www.esplac.cat\/wp-content\/uploads\/2024\/01\/Segell-200x225.png\" \/>\n<meta name=\"twitter:card\" content=\"summary_large_image\" \/>\n<meta name=\"twitter:label1\" content=\"Tiempo de lectura\" \/>\n\t<meta name=\"twitter:data1\" content=\"1 minuto\" \/>\n<script type=\"application\/ld+json\" class=\"yoast-schema-graph\">{\"@context\":\"https:\\\/\\\/schema.org\",\"@graph\":[{\"@type\":\"WebPage\",\"@id\":\"https:\\\/\\\/www.esplac.cat\\\/es\\\/transparencia\\\/balanc-social\\\/\",\"url\":\"https:\\\/\\\/www.esplac.cat\\\/es\\\/transparencia\\\/balanc-social\\\/\",\"name\":\"Balan\u00e7 social - Esplac\",\"isPartOf\":{\"@id\":\"https:\\\/\\\/www.esplac.cat\\\/#website\"},\"primaryImageOfPage\":{\"@id\":\"https:\\\/\\\/www.esplac.cat\\\/es\\\/transparencia\\\/balanc-social\\\/#primaryimage\"},\"image\":{\"@id\":\"https:\\\/\\\/www.esplac.cat\\\/es\\\/transparencia\\\/balanc-social\\\/#primaryimage\"},\"thumbnailUrl\":\"https:\\\/\\\/www.esplac.cat\\\/wp-content\\\/uploads\\\/2024\\\/01\\\/Segell-200x225.png\",\"datePublished\":\"2019-11-04T13:01:38+00:00\",\"dateModified\":\"2024-09-03T11:14:19+00:00\",\"breadcrumb\":{\"@id\":\"https:\\\/\\\/www.esplac.cat\\\/es\\\/transparencia\\\/balanc-social\\\/#breadcrumb\"},\"inLanguage\":\"es\",\"potentialAction\":[{\"@type\":\"ReadAction\",\"target\":[\"https:\\\/\\\/www.esplac.cat\\\/es\\\/transparencia\\\/balanc-social\\\/\"]}]},{\"@type\":\"ImageObject\",\"inLanguage\":\"es\",\"@id\":\"https:\\\/\\\/www.esplac.cat\\\/es\\\/transparencia\\\/balanc-social\\\/#primaryimage\",\"url\":\"https:\\\/\\\/www.esplac.cat\\\/wp-content\\\/uploads\\\/2024\\\/01\\\/Segell-200x225.png\",\"contentUrl\":\"https:\\\/\\\/www.esplac.cat\\\/wp-content\\\/uploads\\\/2024\\\/01\\\/Segell-200x225.png\"},{\"@type\":\"BreadcrumbList\",\"@id\":\"https:\\\/\\\/www.esplac.cat\\\/es\\\/transparencia\\\/balanc-social\\\/#breadcrumb\",\"itemListElement\":[{\"@type\":\"ListItem\",\"position\":1,\"name\":\"Inici\",\"item\":\"https:\\\/\\\/www.esplac.cat\\\/es\\\/\"},{\"@type\":\"ListItem\",\"position\":2,\"name\":\"Transparencia\",\"item\":\"https:\\\/\\\/www.esplac.cat\\\/es\\\/transparencia\\\/\"},{\"@type\":\"ListItem\",\"position\":3,\"name\":\"Balan\u00e7 social\"}]},{\"@type\":\"WebSite\",\"@id\":\"https:\\\/\\\/www.esplac.cat\\\/#website\",\"url\":\"https:\\\/\\\/www.esplac.cat\\\/\",\"name\":\"Esplac\",\"description\":\"Esplais Catalans\",\"publisher\":{\"@id\":\"https:\\\/\\\/www.esplac.cat\\\/#organization\"},\"potentialAction\":[{\"@type\":\"SearchAction\",\"target\":{\"@type\":\"EntryPoint\",\"urlTemplate\":\"https:\\\/\\\/www.esplac.cat\\\/?s={search_term_string}\"},\"query-input\":{\"@type\":\"PropertyValueSpecification\",\"valueRequired\":true,\"valueName\":\"search_term_string\"}}],\"inLanguage\":\"es\"},{\"@type\":\"Organization\",\"@id\":\"https:\\\/\\\/www.esplac.cat\\\/#organization\",\"name\":\"Esplac\",\"url\":\"https:\\\/\\\/www.esplac.cat\\\/\",\"logo\":{\"@type\":\"ImageObject\",\"inLanguage\":\"es\",\"@id\":\"https:\\\/\\\/www.esplac.cat\\\/#\\\/schema\\\/logo\\\/image\\\/\",\"url\":\"https:\\\/\\\/www.esplac.cat\\\/wp-content\\\/uploads\\\/2019\\\/08\\\/logox2.png\",\"contentUrl\":\"https:\\\/\\\/www.esplac.cat\\\/wp-content\\\/uploads\\\/2019\\\/08\\\/logox2.png\",\"width\":600,\"height\":295,\"caption\":\"Esplac\"},\"image\":{\"@id\":\"https:\\\/\\\/www.esplac.cat\\\/#\\\/schema\\\/logo\\\/image\\\/\"}}]}<\/script>\n<!-- \/ Yoast SEO plugin. -->","yoast_head_json":{"title":"Balan\u00e7 social - Esplac","robots":{"index":"index","follow":"follow","max-snippet":"max-snippet:-1","max-image-preview":"max-image-preview:large","max-video-preview":"max-video-preview:-1"},"canonical":"https:\/\/www.esplac.cat\/es\/transparencia\/balanc-social\/","og_locale":"es_ES","og_type":"article","og_title":"Balan\u00e7 social - Esplac","og_url":"https:\/\/www.esplac.cat\/es\/transparencia\/balanc-social\/","og_site_name":"Esplac","article_modified_time":"2024-09-03T11:14:19+00:00","og_image":[{"url":"https:\/\/www.esplac.cat\/wp-content\/uploads\/2024\/01\/Segell-200x225.png","type":"","width":"","height":""}],"twitter_card":"summary_large_image","twitter_misc":{"Tiempo de lectura":"1 minuto"},"schema":{"@context":"https:\/\/schema.org","@graph":[{"@type":"WebPage","@id":"https:\/\/www.esplac.cat\/es\/transparencia\/balanc-social\/","url":"https:\/\/www.esplac.cat\/es\/transparencia\/balanc-social\/","name":"Balan\u00e7 social - Esplac","isPartOf":{"@id":"https:\/\/www.esplac.cat\/#website"},"primaryImageOfPage":{"@id":"https:\/\/www.esplac.cat\/es\/transparencia\/balanc-social\/#primaryimage"},"image":{"@id":"https:\/\/www.esplac.cat\/es\/transparencia\/balanc-social\/#primaryimage"},"thumbnailUrl":"https:\/\/www.esplac.cat\/wp-content\/uploads\/2024\/01\/Segell-200x225.png","datePublished":"2019-11-04T13:01:38+00:00","dateModified":"2024-09-03T11:14:19+00:00","breadcrumb":{"@id":"https:\/\/www.esplac.cat\/es\/transparencia\/balanc-social\/#breadcrumb"},"inLanguage":"es","potentialAction":[{"@type":"ReadAction","target":["https:\/\/www.esplac.cat\/es\/transparencia\/balanc-social\/"]}]},{"@type":"ImageObject","inLanguage":"es","@id":"https:\/\/www.esplac.cat\/es\/transparencia\/balanc-social\/#primaryimage","url":"https:\/\/www.esplac.cat\/wp-content\/uploads\/2024\/01\/Segell-200x225.png","contentUrl":"https:\/\/www.esplac.cat\/wp-content\/uploads\/2024\/01\/Segell-200x225.png"},{"@type":"BreadcrumbList","@id":"https:\/\/www.esplac.cat\/es\/transparencia\/balanc-social\/#breadcrumb","itemListElement":[{"@type":"ListItem","position":1,"name":"Inici","item":"https:\/\/www.esplac.cat\/es\/"},{"@type":"ListItem","position":2,"name":"Transparencia","item":"https:\/\/www.esplac.cat\/es\/transparencia\/"},{"@type":"ListItem","position":3,"name":"Balan\u00e7 social"}]},{"@type":"WebSite","@id":"https:\/\/www.esplac.cat\/#website","url":"https:\/\/www.esplac.cat\/","name":"Esplac","description":"Esplais Catalans","publisher":{"@id":"https:\/\/www.esplac.cat\/#organization"},"potentialAction":[{"@type":"SearchAction","target":{"@type":"EntryPoint","urlTemplate":"https:\/\/www.esplac.cat\/?s={search_term_string}"},"query-input":{"@type":"PropertyValueSpecification","valueRequired":true,"valueName":"search_term_string"}}],"inLanguage":"es"},{"@type":"Organization","@id":"https:\/\/www.esplac.cat\/#organization","name":"Esplac","url":"https:\/\/www.esplac.cat\/","logo":{"@type":"ImageObject","inLanguage":"es","@id":"https:\/\/www.esplac.cat\/#\/schema\/logo\/image\/","url":"https:\/\/www.esplac.cat\/wp-content\/uploads\/2019\/08\/logox2.png","contentUrl":"https:\/\/www.esplac.cat\/wp-content\/uploads\/2019\/08\/logox2.png","width":600,"height":295,"caption":"Esplac"},"image":{"@id":"https:\/\/www.esplac.cat\/#\/schema\/logo\/image\/"}}]}},"_links":{"self":[{"href":"https:\/\/www.esplac.cat\/es\/wp-json\/wp\/v2\/pages\/27995","targetHints":{"allow":["GET"]}}],"collection":[{"href":"https:\/\/www.esplac.cat\/es\/wp-json\/wp\/v2\/pages"}],"about":[{"href":"https:\/\/www.esplac.cat\/es\/wp-json\/wp\/v2\/types\/page"}],"author":[{"embeddable":true,"href":"https:\/\/www.esplac.cat\/es\/wp-json\/wp\/v2\/users\/3"}],"replies":[{"embeddable":true,"href":"https:\/\/www.esplac.cat\/es\/wp-json\/wp\/v2\/comments?post=27995"}],"version-history":[{"count":5,"href":"https:\/\/www.esplac.cat\/es\/wp-json\/wp\/v2\/pages\/27995\/revisions"}],"predecessor-version":[{"id":50867,"href":"https:\/\/www.esplac.cat\/es\/wp-json\/wp\/v2\/pages\/27995\/revisions\/50867"}],"up":[{"embeddable":true,"href":"https:\/\/www.esplac.cat\/es\/wp-json\/wp\/v2\/pages\/28137"}],"wp:attachment":[{"href":"https:\/\/www.esplac.cat\/es\/wp-json\/wp\/v2\/media?parent=27995"}],"curies":[{"name":"wp","href":"https:\/\/api.w.org\/{rel}","templated":true}]}}