{"id":28073,"date":"2019-11-04T17:02:16","date_gmt":"2019-11-04T15:02:16","guid":{"rendered":"https:\/\/www.esplac.cat\/auditoria\/"},"modified":"2024-09-03T12:23:46","modified_gmt":"2024-09-03T10:23:46","slug":"auditoria","status":"publish","type":"page","link":"https:\/\/www.esplac.cat\/es\/transparencia\/auditoria\/","title":{"rendered":"Auditoria de comptes"},"content":{"rendered":"<div class=\"fusion-fullwidth fullwidth-box fusion-builder-row-1 fusion-flex-container has-pattern-background has-mask-background nonhundred-percent-fullwidth non-hundred-percent-height-scrolling\" style=\"--awb-border-radius-top-left:0px;--awb-border-radius-top-right:0px;--awb-border-radius-bottom-right:0px;--awb-border-radius-bottom-left:0px;--awb-flex-wrap:wrap;\" ><div class=\"fusion-builder-row fusion-row fusion-flex-align-items-flex-start fusion-flex-content-wrap\" style=\"max-width:1248px;margin-left: calc(-4% \/ 2 );margin-right: calc(-4% \/ 2 );\"><div class=\"fusion-layout-column fusion_builder_column fusion-builder-column-0 fusion_builder_column_1_1 1_1 fusion-flex-column\" style=\"--awb-bg-size:cover;--awb-width-large:100%;--awb-margin-top-large:0px;--awb-spacing-right-large:1.92%;--awb-margin-bottom-large:20px;--awb-spacing-left-large:1.92%;--awb-width-medium:100%;--awb-order-medium:0;--awb-spacing-right-medium:1.92%;--awb-spacing-left-medium:1.92%;--awb-width-small:100%;--awb-order-small:0;--awb-spacing-right-small:1.92%;--awb-spacing-left-small:1.92%;\"><div class=\"fusion-column-wrapper fusion-column-has-shadow fusion-flex-justify-content-flex-start fusion-content-layout-column\"><div class=\"fusion-text fusion-text-1\" style=\"--awb-text-transform:none;\"><h3 style=\"text-align: left;\"><strong>Auditoria de comptes<\/strong><\/h3>\n<p style=\"text-align: left;\">L&#8217;auditoria de comptes \u00e9s un document en qu\u00e8 la comptabilitat d&#8217;Esplac es veu sotmesa a revisi\u00f3 o verificaci\u00f3 per experts en la mat\u00e8ria qualificats i independents amb l&#8217;objectiu d&#8217;emetre una opini\u00f3 fiable sobre la informaci\u00f3 econ\u00f2mica-financera de l&#8217;entitat. Esplais Catalans \u00e9s una entitat sense \u00e0nim de lucre no obligada ha superar aquest tipus d&#8217;auditoria, aquesta es fa de car\u00e0cter voluntari en un exercici de transpar\u00e8ncia.<\/p>\n<\/div><div class=\"fusion-tabs fusion-tabs-1 classic vertical-tabs icon-position-left mobile-mode-accordion\" style=\"--awb-title-border-radius-top-left:0px;--awb-title-border-radius-top-right:0px;--awb-title-border-radius-bottom-right:0px;--awb-title-border-radius-bottom-left:0px;--awb-alignment:start;--awb-inactive-color:#ebeaea;--awb-background-color:#ffffff;--awb-border-color:#ebeaea;--awb-active-border-color:#f69d0b;\"><div class=\"nav\"><ul class=\"nav-tabs\" role=\"tablist\"><li class=\"active\" role=\"presentation\"><a class=\"tab-link\" data-toggle=\"tab\" role=\"tab\" aria-controls=\"tab-9d821bbabb636706010\" aria-selected=\"true\" id=\"fusion-tab-2023\" href=\"#tab-9d821bbabb636706010\"><h4 class=\"fusion-tab-heading\">2023<\/h4><\/a><\/li><li role=\"presentation\"><a class=\"tab-link\" data-toggle=\"tab\" role=\"tab\" aria-controls=\"tab-2403557aa4d13b30a40\" aria-selected=\"false\" tabindex=\"-1\" id=\"fusion-tab-2022\" href=\"#tab-2403557aa4d13b30a40\"><h4 class=\"fusion-tab-heading\">2022<\/h4><\/a><\/li><li role=\"presentation\"><a class=\"tab-link\" data-toggle=\"tab\" role=\"tab\" aria-controls=\"tab-a4e89ce404bc9abea9d\" aria-selected=\"false\" tabindex=\"-1\" id=\"fusion-tab-2021\" href=\"#tab-a4e89ce404bc9abea9d\"><h4 class=\"fusion-tab-heading\">2021<\/h4><\/a><\/li><li role=\"presentation\"><a class=\"tab-link\" data-toggle=\"tab\" role=\"tab\" aria-controls=\"tab-07ce1af8136f155c557\" aria-selected=\"false\" tabindex=\"-1\" id=\"fusion-tab-2020\" href=\"#tab-07ce1af8136f155c557\"><h4 class=\"fusion-tab-heading\">2020<\/h4><\/a><\/li><li role=\"presentation\"><a class=\"tab-link\" data-toggle=\"tab\" role=\"tab\" aria-controls=\"tab-080ac60bd57ed027980\" aria-selected=\"false\" tabindex=\"-1\" id=\"fusion-tab-2019\" href=\"#tab-080ac60bd57ed027980\"><h4 class=\"fusion-tab-heading\">2019<\/h4><\/a><\/li><li role=\"presentation\"><a class=\"tab-link\" data-toggle=\"tab\" role=\"tab\" aria-controls=\"tab-d11d57398c739fb3506\" aria-selected=\"false\" tabindex=\"-1\" id=\"fusion-tab-2018\" href=\"#tab-d11d57398c739fb3506\"><h4 class=\"fusion-tab-heading\">2018<\/h4><\/a><\/li><li role=\"presentation\"><a class=\"tab-link\" data-toggle=\"tab\" role=\"tab\" aria-controls=\"tab-9bf7a563ceb297b6879\" aria-selected=\"false\" tabindex=\"-1\" id=\"fusion-tab-2017\" href=\"#tab-9bf7a563ceb297b6879\"><h4 class=\"fusion-tab-heading\">2017<\/h4><\/a><\/li><li role=\"presentation\"><a class=\"tab-link\" data-toggle=\"tab\" role=\"tab\" aria-controls=\"tab-a5e93eadbd27a437a32\" aria-selected=\"false\" tabindex=\"-1\" id=\"fusion-tab-2016\" href=\"#tab-a5e93eadbd27a437a32\"><h4 class=\"fusion-tab-heading\">2016<\/h4><\/a><\/li><li role=\"presentation\"><a class=\"tab-link\" data-toggle=\"tab\" role=\"tab\" aria-controls=\"tab-e6f15f5c6b2de6b62d1\" aria-selected=\"false\" tabindex=\"-1\" id=\"fusion-tab-2015\" href=\"#tab-e6f15f5c6b2de6b62d1\"><h4 class=\"fusion-tab-heading\">2015<\/h4><\/a><\/li><li role=\"presentation\"><a class=\"tab-link\" data-toggle=\"tab\" role=\"tab\" aria-controls=\"tab-5632c450a498485870f\" aria-selected=\"false\" tabindex=\"-1\" id=\"fusion-tab-2014\" href=\"#tab-5632c450a498485870f\"><h4 class=\"fusion-tab-heading\">2014<\/h4><\/a><\/li><li role=\"presentation\"><a class=\"tab-link\" data-toggle=\"tab\" role=\"tab\" aria-controls=\"tab-9f12f257788a1ebe221\" aria-selected=\"false\" tabindex=\"-1\" id=\"fusion-tab-2013\" href=\"#tab-9f12f257788a1ebe221\"><h4 class=\"fusion-tab-heading\">2013<\/h4><\/a><\/li><\/ul><\/div><div class=\"tab-content\"><div class=\"nav fusion-mobile-tab-nav\"><ul class=\"nav-tabs\" role=\"tablist\"><li class=\"active\" role=\"presentation\"><a class=\"tab-link\" data-toggle=\"tab\" role=\"tab\" aria-controls=\"tab-9d821bbabb636706010\" aria-selected=\"true\" id=\"mobile-fusion-tab-2023\" href=\"#tab-9d821bbabb636706010\"><h4 class=\"fusion-tab-heading\">2023<\/h4><\/a><\/li><\/ul><\/div><div class=\"tab-pane fade fusion-clearfix in active\" role=\"tabpanel\" tabindex=\"0\" aria-labelledby=\"fusion-tab-2023\" id=\"tab-9d821bbabb636706010\">\n<ul>\n<li><a href=\"https:\/\/www.esplac.cat\/wp-content\/uploads\/2024\/09\/Auditoria_Comptes_Esplac2023.pdf\" target=\"_blank\" rel=\"noopener\"><span style=\"color: #f69d0b;\">Auditoria 2023<\/span><\/a><\/li>\n<\/ul>\n<\/div><div class=\"nav fusion-mobile-tab-nav\"><ul class=\"nav-tabs\" role=\"tablist\"><li role=\"presentation\"><a class=\"tab-link\" data-toggle=\"tab\" role=\"tab\" aria-controls=\"tab-2403557aa4d13b30a40\" aria-selected=\"false\" tabindex=\"-1\" id=\"mobile-fusion-tab-2022\" href=\"#tab-2403557aa4d13b30a40\"><h4 class=\"fusion-tab-heading\">2022<\/h4><\/a><\/li><\/ul><\/div><div class=\"tab-pane fade fusion-clearfix\" role=\"tabpanel\" tabindex=\"0\" aria-labelledby=\"fusion-tab-2022\" id=\"tab-2403557aa4d13b30a40\">\n<ul>\n<li><a href=\"https:\/\/www.esplac.cat\/wp-content\/uploads\/2023\/07\/Informe-auditoria-Esplac_2022.pdf\" target=\"_blank\" rel=\"noopener\"><span style=\"color: #f69d0b;\">Auditoria 2022<\/span><\/a><\/li>\n<\/ul>\n<\/div><div class=\"nav fusion-mobile-tab-nav\"><ul class=\"nav-tabs\" role=\"tablist\"><li role=\"presentation\"><a class=\"tab-link\" data-toggle=\"tab\" role=\"tab\" aria-controls=\"tab-a4e89ce404bc9abea9d\" aria-selected=\"false\" tabindex=\"-1\" id=\"mobile-fusion-tab-2021\" href=\"#tab-a4e89ce404bc9abea9d\"><h4 class=\"fusion-tab-heading\">2021<\/h4><\/a><\/li><\/ul><\/div><div class=\"tab-pane fade fusion-clearfix\" role=\"tabpanel\" tabindex=\"0\" aria-labelledby=\"fusion-tab-2021\" id=\"tab-a4e89ce404bc9abea9d\">\n<ul>\n<li><a href=\"https:\/\/www.esplac.cat\/wp-content\/uploads\/2022\/07\/InformeAuditoriaCCAA_Esplac2021.pdf\" target=\"_blank\" rel=\"noopener\"><span style=\"color: #f69d0b;\">Auditoria 2021<\/span><\/a><\/li>\n<\/ul>\n<\/div><div class=\"nav fusion-mobile-tab-nav\"><ul class=\"nav-tabs\" role=\"tablist\"><li role=\"presentation\"><a class=\"tab-link\" data-toggle=\"tab\" role=\"tab\" aria-controls=\"tab-07ce1af8136f155c557\" aria-selected=\"false\" tabindex=\"-1\" id=\"mobile-fusion-tab-2020\" href=\"#tab-07ce1af8136f155c557\"><h4 class=\"fusion-tab-heading\">2020<\/h4><\/a><\/li><\/ul><\/div><div class=\"tab-pane fade fusion-clearfix\" role=\"tabpanel\" tabindex=\"0\" aria-labelledby=\"fusion-tab-2020\" id=\"tab-07ce1af8136f155c557\">\n<ul>\n<li><a href=\"https:\/\/www.esplac.cat\/wp-content\/uploads\/2021\/06\/InformeAuditoriaCCAA_Esplac2020_SignatAMM.pdf\" target=\"_blank\" rel=\"noopener\"><span style=\"color: #f69d0b;\">Auditoria 2020<\/span><\/a><\/li>\n<\/ul>\n<\/div><div class=\"nav fusion-mobile-tab-nav\"><ul class=\"nav-tabs\" role=\"tablist\"><li role=\"presentation\"><a class=\"tab-link\" data-toggle=\"tab\" role=\"tab\" aria-controls=\"tab-080ac60bd57ed027980\" aria-selected=\"false\" tabindex=\"-1\" id=\"mobile-fusion-tab-2019\" href=\"#tab-080ac60bd57ed027980\"><h4 class=\"fusion-tab-heading\">2019<\/h4><\/a><\/li><\/ul><\/div><div class=\"tab-pane fade fusion-clearfix\" role=\"tabpanel\" tabindex=\"0\" aria-labelledby=\"fusion-tab-2019\" id=\"tab-080ac60bd57ed027980\">\n<ul>\n<li><a href=\"https:\/\/www.esplac.cat\/wp-content\/uploads\/2020\/12\/informe_auditoria_2019.pdf\" target=\"_blank\" rel=\"noopener\"><span style=\"color: #f69d0b;\">Auditoria 2019<\/span><\/a><\/li>\n<\/ul>\n<\/div><div class=\"nav fusion-mobile-tab-nav\"><ul class=\"nav-tabs\" role=\"tablist\"><li role=\"presentation\"><a class=\"tab-link\" data-toggle=\"tab\" role=\"tab\" aria-controls=\"tab-d11d57398c739fb3506\" aria-selected=\"false\" tabindex=\"-1\" id=\"mobile-fusion-tab-2018\" href=\"#tab-d11d57398c739fb3506\"><h4 class=\"fusion-tab-heading\">2018<\/h4><\/a><\/li><\/ul><\/div><div class=\"tab-pane fade fusion-clearfix\" role=\"tabpanel\" tabindex=\"0\" aria-labelledby=\"fusion-tab-2018\" id=\"tab-d11d57398c739fb3506\">\n<ul>\n<li><a href=\"https:\/\/www.esplac.cat\/wp-content\/uploads\/2020\/12\/Informe-auditoria.pdf\" target=\"_blank\" rel=\"noopener\"><span style=\"color: #f69d0b;\">Auditoria 2018<\/span><\/a><\/li>\n<\/ul>\n<\/div><div class=\"nav fusion-mobile-tab-nav\"><ul class=\"nav-tabs\" role=\"tablist\"><li role=\"presentation\"><a class=\"tab-link\" data-toggle=\"tab\" role=\"tab\" aria-controls=\"tab-9bf7a563ceb297b6879\" aria-selected=\"false\" tabindex=\"-1\" id=\"mobile-fusion-tab-2017\" href=\"#tab-9bf7a563ceb297b6879\"><h4 class=\"fusion-tab-heading\">2017<\/h4><\/a><\/li><\/ul><\/div><div class=\"tab-pane fade fusion-clearfix\" role=\"tabpanel\" tabindex=\"0\" aria-labelledby=\"fusion-tab-2017\" id=\"tab-9bf7a563ceb297b6879\">\n<ul>\n<li><span style=\"color: #f69d0b;\"><a style=\"color: #f69d0b;\" href=\"http:\/\/esplac.cat\/wp-content\/uploads\/2019\/11\/informe_auditoria_2017.pdf\" target=\"_blank\" rel=\"noopener\">Auditoria 2017<\/a><\/span><\/li>\n<\/ul>\n<\/div><div class=\"nav fusion-mobile-tab-nav\"><ul class=\"nav-tabs\" role=\"tablist\"><li role=\"presentation\"><a class=\"tab-link\" data-toggle=\"tab\" role=\"tab\" aria-controls=\"tab-a5e93eadbd27a437a32\" aria-selected=\"false\" tabindex=\"-1\" id=\"mobile-fusion-tab-2016\" href=\"#tab-a5e93eadbd27a437a32\"><h4 class=\"fusion-tab-heading\">2016<\/h4><\/a><\/li><\/ul><\/div><div class=\"tab-pane fade fusion-clearfix\" role=\"tabpanel\" tabindex=\"0\" aria-labelledby=\"fusion-tab-2016\" id=\"tab-a5e93eadbd27a437a32\">\n<ul>\n<li><a href=\"http:\/\/esplac.cat\/wp-content\/uploads\/2019\/11\/informe_auditoria_2016.pdf\" target=\"_blank\" rel=\"noopener\"><span style=\"color: #f69d0b;\">Auditoria 2016<\/span><\/a><\/li>\n<\/ul>\n<\/div><div class=\"nav fusion-mobile-tab-nav\"><ul class=\"nav-tabs\" role=\"tablist\"><li role=\"presentation\"><a class=\"tab-link\" data-toggle=\"tab\" role=\"tab\" aria-controls=\"tab-e6f15f5c6b2de6b62d1\" aria-selected=\"false\" tabindex=\"-1\" id=\"mobile-fusion-tab-2015\" href=\"#tab-e6f15f5c6b2de6b62d1\"><h4 class=\"fusion-tab-heading\">2015<\/h4><\/a><\/li><\/ul><\/div><div class=\"tab-pane fade fusion-clearfix\" role=\"tabpanel\" tabindex=\"0\" aria-labelledby=\"fusion-tab-2015\" id=\"tab-e6f15f5c6b2de6b62d1\">\n<ul>\n<li><a href=\"http:\/\/esplac.cat\/wp-content\/uploads\/2019\/11\/Informe_auditoria_2015.pdf\" target=\"_blank\" rel=\"noopener\"><span style=\"color: #f69d0b;\">Auditoria 2015<\/span><\/a><\/li>\n<\/ul>\n<\/div><div class=\"nav fusion-mobile-tab-nav\"><ul class=\"nav-tabs\" role=\"tablist\"><li role=\"presentation\"><a class=\"tab-link\" data-toggle=\"tab\" role=\"tab\" aria-controls=\"tab-5632c450a498485870f\" aria-selected=\"false\" tabindex=\"-1\" id=\"mobile-fusion-tab-2014\" href=\"#tab-5632c450a498485870f\"><h4 class=\"fusion-tab-heading\">2014<\/h4><\/a><\/li><\/ul><\/div><div class=\"tab-pane fade fusion-clearfix\" role=\"tabpanel\" tabindex=\"0\" aria-labelledby=\"fusion-tab-2014\" id=\"tab-5632c450a498485870f\">\n<ul>\n<li><a href=\"http:\/\/esplac.cat\/wp-content\/uploads\/2019\/11\/informe_auditoria_2014.pdf\" target=\"_blank\" rel=\"noopener\"><span style=\"color: #f69d0b;\">Auditoria 2014<\/span><\/a><\/li>\n<\/ul>\n<\/div><div class=\"nav fusion-mobile-tab-nav\"><ul class=\"nav-tabs\" role=\"tablist\"><li role=\"presentation\"><a class=\"tab-link\" data-toggle=\"tab\" role=\"tab\" aria-controls=\"tab-9f12f257788a1ebe221\" aria-selected=\"false\" tabindex=\"-1\" id=\"mobile-fusion-tab-2013\" href=\"#tab-9f12f257788a1ebe221\"><h4 class=\"fusion-tab-heading\">2013<\/h4><\/a><\/li><\/ul><\/div><div class=\"tab-pane fade fusion-clearfix\" role=\"tabpanel\" tabindex=\"0\" aria-labelledby=\"fusion-tab-2013\" id=\"tab-9f12f257788a1ebe221\">\n<ul>\n<li><a href=\"http:\/\/esplac.cat\/wp-content\/uploads\/2019\/11\/informe_auditoria_2013.pdf\" target=\"_blank\" rel=\"noopener\"><span style=\"color: #f69d0b;\">Auditoria 2013<\/span><\/a><\/li>\n<\/ul>\n<\/div><\/div><\/div><\/div><\/div><\/div><\/div>\n","protected":false},"excerpt":{"rendered":"","protected":false},"author":3,"featured_media":0,"parent":28137,"menu_order":0,"comment_status":"closed","ping_status":"closed","template":"","meta":{"om_disable_all_campaigns":false,"_monsterinsights_skip_tracking":false,"_monsterinsights_sitenote_active":false,"_monsterinsights_sitenote_note":"","_monsterinsights_sitenote_category":0,"_uf_show_specific_survey":0,"_uf_disable_surveys":false,"footnotes":""},"class_list":["post-28073","page","type-page","status-publish","hentry"],"yoast_head":"<!-- This site is optimized with the Yoast SEO plugin v27.5 - https:\/\/yoast.com\/product\/yoast-seo-wordpress\/ -->\n<title>Auditoria de comptes - Esplac<\/title>\n<meta name=\"robots\" content=\"index, follow, max-snippet:-1, max-image-preview:large, max-video-preview:-1\" \/>\n<link rel=\"canonical\" href=\"https:\/\/www.esplac.cat\/es\/transparencia\/auditoria\/\" \/>\n<meta property=\"og:locale\" content=\"es_ES\" \/>\n<meta property=\"og:type\" content=\"article\" \/>\n<meta property=\"og:title\" content=\"Auditoria de comptes - Esplac\" \/>\n<meta property=\"og:url\" content=\"https:\/\/www.esplac.cat\/es\/transparencia\/auditoria\/\" \/>\n<meta property=\"og:site_name\" content=\"Esplac\" \/>\n<meta property=\"article:modified_time\" content=\"2024-09-03T10:23:46+00:00\" \/>\n<meta property=\"og:image\" content=\"https:\/\/www.esplac.cat\/wp-content\/uploads\/2019\/11\/logo-open.jpg\" \/>\n\t<meta property=\"og:image:width\" content=\"1200\" \/>\n\t<meta property=\"og:image:height\" content=\"630\" \/>\n\t<meta property=\"og:image:type\" content=\"image\/jpeg\" \/>\n<meta name=\"twitter:card\" content=\"summary_large_image\" \/>\n<meta name=\"twitter:label1\" content=\"Tiempo de lectura\" \/>\n\t<meta name=\"twitter:data1\" content=\"1 minuto\" \/>\n<script type=\"application\/ld+json\" class=\"yoast-schema-graph\">{\"@context\":\"https:\\\/\\\/schema.org\",\"@graph\":[{\"@type\":\"WebPage\",\"@id\":\"https:\\\/\\\/www.esplac.cat\\\/es\\\/transparencia\\\/auditoria\\\/\",\"url\":\"https:\\\/\\\/www.esplac.cat\\\/es\\\/transparencia\\\/auditoria\\\/\",\"name\":\"Auditoria de comptes - Esplac\",\"isPartOf\":{\"@id\":\"https:\\\/\\\/www.esplac.cat\\\/#website\"},\"datePublished\":\"2019-11-04T15:02:16+00:00\",\"dateModified\":\"2024-09-03T10:23:46+00:00\",\"breadcrumb\":{\"@id\":\"https:\\\/\\\/www.esplac.cat\\\/es\\\/transparencia\\\/auditoria\\\/#breadcrumb\"},\"inLanguage\":\"es\",\"potentialAction\":[{\"@type\":\"ReadAction\",\"target\":[\"https:\\\/\\\/www.esplac.cat\\\/es\\\/transparencia\\\/auditoria\\\/\"]}]},{\"@type\":\"BreadcrumbList\",\"@id\":\"https:\\\/\\\/www.esplac.cat\\\/es\\\/transparencia\\\/auditoria\\\/#breadcrumb\",\"itemListElement\":[{\"@type\":\"ListItem\",\"position\":1,\"name\":\"Inici\",\"item\":\"https:\\\/\\\/www.esplac.cat\\\/es\\\/\"},{\"@type\":\"ListItem\",\"position\":2,\"name\":\"Transparencia\",\"item\":\"https:\\\/\\\/www.esplac.cat\\\/es\\\/transparencia\\\/\"},{\"@type\":\"ListItem\",\"position\":3,\"name\":\"Auditoria de comptes\"}]},{\"@type\":\"WebSite\",\"@id\":\"https:\\\/\\\/www.esplac.cat\\\/#website\",\"url\":\"https:\\\/\\\/www.esplac.cat\\\/\",\"name\":\"Esplac\",\"description\":\"Esplais Catalans\",\"publisher\":{\"@id\":\"https:\\\/\\\/www.esplac.cat\\\/#organization\"},\"potentialAction\":[{\"@type\":\"SearchAction\",\"target\":{\"@type\":\"EntryPoint\",\"urlTemplate\":\"https:\\\/\\\/www.esplac.cat\\\/?s={search_term_string}\"},\"query-input\":{\"@type\":\"PropertyValueSpecification\",\"valueRequired\":true,\"valueName\":\"search_term_string\"}}],\"inLanguage\":\"es\"},{\"@type\":\"Organization\",\"@id\":\"https:\\\/\\\/www.esplac.cat\\\/#organization\",\"name\":\"Esplac\",\"url\":\"https:\\\/\\\/www.esplac.cat\\\/\",\"logo\":{\"@type\":\"ImageObject\",\"inLanguage\":\"es\",\"@id\":\"https:\\\/\\\/www.esplac.cat\\\/#\\\/schema\\\/logo\\\/image\\\/\",\"url\":\"https:\\\/\\\/www.esplac.cat\\\/wp-content\\\/uploads\\\/2019\\\/08\\\/logox2.png\",\"contentUrl\":\"https:\\\/\\\/www.esplac.cat\\\/wp-content\\\/uploads\\\/2019\\\/08\\\/logox2.png\",\"width\":600,\"height\":295,\"caption\":\"Esplac\"},\"image\":{\"@id\":\"https:\\\/\\\/www.esplac.cat\\\/#\\\/schema\\\/logo\\\/image\\\/\"}}]}<\/script>\n<!-- \/ Yoast SEO plugin. -->","yoast_head_json":{"title":"Auditoria de comptes - Esplac","robots":{"index":"index","follow":"follow","max-snippet":"max-snippet:-1","max-image-preview":"max-image-preview:large","max-video-preview":"max-video-preview:-1"},"canonical":"https:\/\/www.esplac.cat\/es\/transparencia\/auditoria\/","og_locale":"es_ES","og_type":"article","og_title":"Auditoria de comptes - Esplac","og_url":"https:\/\/www.esplac.cat\/es\/transparencia\/auditoria\/","og_site_name":"Esplac","article_modified_time":"2024-09-03T10:23:46+00:00","og_image":[{"width":1200,"height":630,"url":"https:\/\/www.esplac.cat\/wp-content\/uploads\/2019\/11\/logo-open.jpg","type":"image\/jpeg"}],"twitter_card":"summary_large_image","twitter_misc":{"Tiempo de lectura":"1 minuto"},"schema":{"@context":"https:\/\/schema.org","@graph":[{"@type":"WebPage","@id":"https:\/\/www.esplac.cat\/es\/transparencia\/auditoria\/","url":"https:\/\/www.esplac.cat\/es\/transparencia\/auditoria\/","name":"Auditoria de comptes - Esplac","isPartOf":{"@id":"https:\/\/www.esplac.cat\/#website"},"datePublished":"2019-11-04T15:02:16+00:00","dateModified":"2024-09-03T10:23:46+00:00","breadcrumb":{"@id":"https:\/\/www.esplac.cat\/es\/transparencia\/auditoria\/#breadcrumb"},"inLanguage":"es","potentialAction":[{"@type":"ReadAction","target":["https:\/\/www.esplac.cat\/es\/transparencia\/auditoria\/"]}]},{"@type":"BreadcrumbList","@id":"https:\/\/www.esplac.cat\/es\/transparencia\/auditoria\/#breadcrumb","itemListElement":[{"@type":"ListItem","position":1,"name":"Inici","item":"https:\/\/www.esplac.cat\/es\/"},{"@type":"ListItem","position":2,"name":"Transparencia","item":"https:\/\/www.esplac.cat\/es\/transparencia\/"},{"@type":"ListItem","position":3,"name":"Auditoria de comptes"}]},{"@type":"WebSite","@id":"https:\/\/www.esplac.cat\/#website","url":"https:\/\/www.esplac.cat\/","name":"Esplac","description":"Esplais Catalans","publisher":{"@id":"https:\/\/www.esplac.cat\/#organization"},"potentialAction":[{"@type":"SearchAction","target":{"@type":"EntryPoint","urlTemplate":"https:\/\/www.esplac.cat\/?s={search_term_string}"},"query-input":{"@type":"PropertyValueSpecification","valueRequired":true,"valueName":"search_term_string"}}],"inLanguage":"es"},{"@type":"Organization","@id":"https:\/\/www.esplac.cat\/#organization","name":"Esplac","url":"https:\/\/www.esplac.cat\/","logo":{"@type":"ImageObject","inLanguage":"es","@id":"https:\/\/www.esplac.cat\/#\/schema\/logo\/image\/","url":"https:\/\/www.esplac.cat\/wp-content\/uploads\/2019\/08\/logox2.png","contentUrl":"https:\/\/www.esplac.cat\/wp-content\/uploads\/2019\/08\/logox2.png","width":600,"height":295,"caption":"Esplac"},"image":{"@id":"https:\/\/www.esplac.cat\/#\/schema\/logo\/image\/"}}]}},"_links":{"self":[{"href":"https:\/\/www.esplac.cat\/es\/wp-json\/wp\/v2\/pages\/28073","targetHints":{"allow":["GET"]}}],"collection":[{"href":"https:\/\/www.esplac.cat\/es\/wp-json\/wp\/v2\/pages"}],"about":[{"href":"https:\/\/www.esplac.cat\/es\/wp-json\/wp\/v2\/types\/page"}],"author":[{"embeddable":true,"href":"https:\/\/www.esplac.cat\/es\/wp-json\/wp\/v2\/users\/3"}],"replies":[{"embeddable":true,"href":"https:\/\/www.esplac.cat\/es\/wp-json\/wp\/v2\/comments?post=28073"}],"version-history":[{"count":4,"href":"https:\/\/www.esplac.cat\/es\/wp-json\/wp\/v2\/pages\/28073\/revisions"}],"predecessor-version":[{"id":50857,"href":"https:\/\/www.esplac.cat\/es\/wp-json\/wp\/v2\/pages\/28073\/revisions\/50857"}],"up":[{"embeddable":true,"href":"https:\/\/www.esplac.cat\/es\/wp-json\/wp\/v2\/pages\/28137"}],"wp:attachment":[{"href":"https:\/\/www.esplac.cat\/es\/wp-json\/wp\/v2\/media?parent=28073"}],"curies":[{"name":"wp","href":"https:\/\/api.w.org\/{rel}","templated":true}]}}