{"id":28083,"date":"2019-11-04T17:32:20","date_gmt":"2019-11-04T15:32:20","guid":{"rendered":"https:\/\/www.esplac.cat\/faqs\/"},"modified":"2019-11-04T17:32:20","modified_gmt":"2019-11-04T15:32:20","slug":"faqs","status":"publish","type":"page","link":"https:\/\/www.esplac.cat\/es\/faqs\/","title":{"rendered":"Preguntes freq\u00fcents"},"content":{"rendered":"<div class=\"fusion-fullwidth fullwidth-box fusion-builder-row-1 nonhundred-percent-fullwidth non-hundred-percent-height-scrolling\" style=\"--awb-border-radius-top-left:0px;--awb-border-radius-top-right:0px;--awb-border-radius-bottom-right:0px;--awb-border-radius-bottom-left:0px;--awb-flex-wrap:wrap;\" ><div class=\"fusion-builder-row fusion-row\"><div class=\"fusion-layout-column fusion_builder_column fusion-builder-column-0 fusion_builder_column_1_1 1_1 fusion-one-full fusion-column-first fusion-column-last\" style=\"--awb-bg-size:cover;\"><div class=\"fusion-column-wrapper fusion-column-has-shadow fusion-flex-column-wrapper-legacy\"><div class=\"fusion-text fusion-text-1\"><h3>Preguntes frequents<\/h3>\n<\/div><div class=\"fusion-tabs fusion-tabs-1 classic vertical-tabs icon-position-left mobile-mode-accordion\" style=\"--awb-title-border-radius-top-left:0px;--awb-title-border-radius-top-right:0px;--awb-title-border-radius-bottom-right:0px;--awb-title-border-radius-bottom-left:0px;--awb-inactive-color:#ebeaea;--awb-background-color:#ffffff;--awb-border-color:#ebeaea;--awb-active-border-color:#f69d0b;\"><div class=\"nav\"><ul class=\"nav-tabs\" role=\"tablist\"><li class=\"active\" role=\"presentation\"><a class=\"tab-link\" data-toggle=\"tab\" role=\"tab\" aria-controls=\"tab-535a606c64ab4f5f726\" aria-selected=\"true\" id=\"fusion-tab-quinafranjad\u2019edatscobreixenelsesplais?\" href=\"#tab-535a606c64ab4f5f726\"><h4 class=\"fusion-tab-heading\">Quina franja d\u2019edats cobreixen els esplais?<\/h4><\/a><\/li><li role=\"presentation\"><a class=\"tab-link\" data-toggle=\"tab\" role=\"tab\" aria-controls=\"tab-30ecd622ea52fcb8a95\" aria-selected=\"false\" tabindex=\"-1\" id=\"fusion-tab-quinshorarisd\u2019activitattenenelsesplais?\" href=\"#tab-30ecd622ea52fcb8a95\"><h4 class=\"fusion-tab-heading\">Quins horaris d\u2019activitat tenen els esplais?<\/h4><\/a><\/li><li role=\"presentation\"><a class=\"tab-link\" data-toggle=\"tab\" role=\"tab\" aria-controls=\"tab-497c3d7709888783dd7\" aria-selected=\"false\" tabindex=\"-1\" id=\"fusion-tab-quinesactivitatsd\u2019estiufanelsesplais?\" href=\"#tab-497c3d7709888783dd7\"><h4 class=\"fusion-tab-heading\">Quines activitats d\u2019estiu fan els esplais?<\/h4><\/a><\/li><li role=\"presentation\"><a class=\"tab-link\" data-toggle=\"tab\" role=\"tab\" aria-controls=\"tab-2e69988f57fea178732\" aria-selected=\"false\" tabindex=\"-1\" id=\"fusion-tab-elsmonitor\/estreballendeformaremunerada?\" href=\"#tab-2e69988f57fea178732\"><h4 class=\"fusion-tab-heading\">Els monitor\/es treballen de forma remunerada?<\/h4><\/a><\/li><li role=\"presentation\"><a class=\"tab-link\" data-toggle=\"tab\" role=\"tab\" aria-controls=\"tab-06f033979028edb5b26\" aria-selected=\"false\" tabindex=\"-1\" id=\"fusion-tab-somunesplai:compodemformarpartd\u2019esplac?\" href=\"#tab-06f033979028edb5b26\"><h4 class=\"fusion-tab-heading\">Som un esplai: com podem formar part d\u2019Esplac?<\/h4><\/a><\/li><li role=\"presentation\"><a class=\"tab-link\" data-toggle=\"tab\" role=\"tab\" aria-controls=\"tab-f1edffa6cceef2038be\" aria-selected=\"false\" tabindex=\"-1\" id=\"fusion-tab-feucursosdemonitors\/esidirectors\/esdelleure?\" href=\"#tab-f1edffa6cceef2038be\"><h4 class=\"fusion-tab-heading\">Feu cursos de monitors\/es i directors\/es de lleure?<\/h4><\/a><\/li><li role=\"presentation\"><a class=\"tab-link\" data-toggle=\"tab\" role=\"tab\" aria-controls=\"tab-b05a951921dcd1a43a6\" aria-selected=\"false\" tabindex=\"-1\" id=\"fusion-tab-compucferpr\u00e0ctiquesdemonitor\/aenunesplai?\" href=\"#tab-b05a951921dcd1a43a6\"><h4 class=\"fusion-tab-heading\">Com puc fer pr\u00e0ctiques de monitor\/a en un esplai?<\/h4><\/a><\/li><li role=\"presentation\"><a class=\"tab-link\" data-toggle=\"tab\" role=\"tab\" aria-controls=\"tab-3525f3b8e3f2aef8a97\" aria-selected=\"false\" tabindex=\"-1\" id=\"fusion-tab-gestioneucasesdecol\u00f2nies?\" href=\"#tab-3525f3b8e3f2aef8a97\"><h4 class=\"fusion-tab-heading\">Gestioneu cases de col\u00f2nies?<\/h4><\/a><\/li><\/ul><\/div><div class=\"tab-content\"><div class=\"nav fusion-mobile-tab-nav\"><ul class=\"nav-tabs\" role=\"tablist\"><li class=\"active\" role=\"presentation\"><a class=\"tab-link\" data-toggle=\"tab\" role=\"tab\" aria-controls=\"tab-535a606c64ab4f5f726\" aria-selected=\"true\" id=\"mobile-fusion-tab-quinafranjad\u2019edatscobreixenelsesplais?\" href=\"#tab-535a606c64ab4f5f726\"><h4 class=\"fusion-tab-heading\">Quina franja d\u2019edats cobreixen els esplais?<\/h4><\/a><\/li><\/ul><\/div><div class=\"tab-pane fade fusion-clearfix in active\" role=\"tabpanel\" tabindex=\"0\" aria-labelledby=\"fusion-tab-quinafranjad\u2019edatscobreixenelsesplais?\" id=\"tab-535a606c64ab4f5f726\">\n<p><span style=\"font-weight: 400;\">La franja d\u2019edat oscila entre els 4 i els 17 anys. Els infants i joves es distribueixen per grups d\u2019edat tot i que sovint fan activitats conjuntes.\u00a0<\/span><\/p>\n<\/div><div class=\"nav fusion-mobile-tab-nav\"><ul class=\"nav-tabs\" role=\"tablist\"><li role=\"presentation\"><a class=\"tab-link\" data-toggle=\"tab\" role=\"tab\" aria-controls=\"tab-30ecd622ea52fcb8a95\" aria-selected=\"false\" tabindex=\"-1\" id=\"mobile-fusion-tab-quinshorarisd\u2019activitattenenelsesplais?\" href=\"#tab-30ecd622ea52fcb8a95\"><h4 class=\"fusion-tab-heading\">Quins horaris d\u2019activitat tenen els esplais?<\/h4><\/a><\/li><\/ul><\/div><div class=\"tab-pane fade fusion-clearfix\" role=\"tabpanel\" tabindex=\"0\" aria-labelledby=\"fusion-tab-quinshorarisd\u2019activitattenenelsesplais?\" id=\"tab-30ecd622ea52fcb8a95\">\n<p><span style=\"font-weight: 400;\">La majoria d\u2019esplais fan la seva activitat els dissabtes a la tarda de 16 h a 19 h. No obstant, n\u2019hi ha que ho fan els dissabtes al mat\u00ed o els diumenges. Durant el curs tamb\u00e9 es fan sortides de cap de setmana i activitats com col\u00f2nies, campaments, rutes o intercanvis internacionals en els per\u00edodes de vacances.<\/span><\/p>\n<\/div><div class=\"nav fusion-mobile-tab-nav\"><ul class=\"nav-tabs\" role=\"tablist\"><li role=\"presentation\"><a class=\"tab-link\" data-toggle=\"tab\" role=\"tab\" aria-controls=\"tab-497c3d7709888783dd7\" aria-selected=\"false\" tabindex=\"-1\" id=\"mobile-fusion-tab-quinesactivitatsd\u2019estiufanelsesplais?\" href=\"#tab-497c3d7709888783dd7\"><h4 class=\"fusion-tab-heading\">Quines activitats d\u2019estiu fan els esplais?<\/h4><\/a><\/li><\/ul><\/div><div class=\"tab-pane fade fusion-clearfix\" role=\"tabpanel\" tabindex=\"0\" aria-labelledby=\"fusion-tab-quinesactivitatsd\u2019estiufanelsesplais?\" id=\"tab-497c3d7709888783dd7\">\n<h4><span style=\"font-weight: 400;\">El curs dels esplais culmina en les seves activitats d\u2019estiu, en les quals es pot profunditzar m\u00e9s intensament en els valors i projectes treballats durant la resta de l\u2019any. Les activitats que es desenvolupen durant l\u2019estiu s\u00f3n:<\/span><\/h4>\n<h4><span style=\"font-weight: 400;\">\u2013 <\/span><b>Col\u00f2nies<\/b><span style=\"font-weight: 400;\">: tenen una duraci\u00f3 d\u2019entre 3 i 15 dies com a m\u00e0xim. Es caracteritzen per la conviv\u00e8ncia intensa, donat que participants i organitzadors\/es conviuen sense interrupci\u00f3 les 24 hores del dia en un entorn usualment rural, en una casa de col\u00f2nies.<\/span><\/h4>\n<h4><span style=\"font-weight: 400;\">\u2013 <\/span><b>Campaments<\/b><span style=\"font-weight: 400;\">: Tenen una duraci\u00f3 d\u2019entre 3 i 15 dies com les col\u00f2nies, per\u00f2 en aquest cas es realitzen en plena natura amb tendes de campanya tant per dormir com per fer el menjar i la resta d\u2019activitats.<\/span><\/h4>\n<h4><span style=\"font-weight: 400;\">\u2013 <\/span><b>Rutes<\/b><span style=\"font-weight: 400;\">: Consisteix en fer una travessa a peu durant uns quants dies prescindint de tot el que \u00e9s innecessari per viure. La durada i dist\u00e0ncia del recorregut dep\u00e8n de la capacitat dels participants. \u00c9s l\u2019experi\u00e8ncia m\u00e9s intensa de totes pel que fa a la conviv\u00e8ncia i el contacte amb el medi natural.\u00a0<\/span><\/h4>\n<p><span style=\"font-weight: 400;\">\u2013 <\/span><b>Intercanvis internacionals<\/b><span style=\"font-weight: 400;\">: Els grups de joves dels diferents pa\u00efsos tenen l\u2019oportunitat de compartir les seves experi\u00e8ncies, apreciar les similituds i les difer\u00e8ncies de les diverses cultures i combatre els estereotips negatius que generen prejudicis. Els joves participants treballen un tema i s\u00f3n protagonistes de tota l\u2019activitat. <\/span><\/p>\n<\/div><div class=\"nav fusion-mobile-tab-nav\"><ul class=\"nav-tabs\" role=\"tablist\"><li role=\"presentation\"><a class=\"tab-link\" data-toggle=\"tab\" role=\"tab\" aria-controls=\"tab-2e69988f57fea178732\" aria-selected=\"false\" tabindex=\"-1\" id=\"mobile-fusion-tab-elsmonitor\/estreballendeformaremunerada?\" href=\"#tab-2e69988f57fea178732\"><h4 class=\"fusion-tab-heading\">Els monitor\/es treballen de forma remunerada?<\/h4><\/a><\/li><\/ul><\/div><div class=\"tab-pane fade fusion-clearfix\" role=\"tabpanel\" tabindex=\"0\" aria-labelledby=\"fusion-tab-elsmonitor\/estreballendeformaremunerada?\" id=\"tab-2e69988f57fea178732\">\n<p><span style=\"font-weight: 400;\">No! Els monitors i monitores dels esplais d\u2019Esplac treballen per la tasca educativa dels seus esplais de forma volunt\u00e0ria. Ho fan amb la convicci\u00f3 de que es pot millorar el m\u00f3n en qu\u00e8 vivim educant els infants i joves per ser m\u00e9s aut\u00f2noms, m\u00e9s lliures i m\u00e9s feli\u00e7os.\u00a0<\/span><\/p>\n<p><span style=\"font-weight: 400;\">Aix\u00f2 no implica que no siguin professionals, sin\u00f3 tot el contrari: reben formaci\u00f3 espec\u00edfica i continuada per garantir la qualitat de la seva tasca.<\/span><\/p>\n<\/div><div class=\"nav fusion-mobile-tab-nav\"><ul class=\"nav-tabs\" role=\"tablist\"><li role=\"presentation\"><a class=\"tab-link\" data-toggle=\"tab\" role=\"tab\" aria-controls=\"tab-06f033979028edb5b26\" aria-selected=\"false\" tabindex=\"-1\" id=\"mobile-fusion-tab-somunesplai:compodemformarpartd\u2019esplac?\" href=\"#tab-06f033979028edb5b26\"><h4 class=\"fusion-tab-heading\">Som un esplai: com podem formar part d\u2019Esplac?<\/h4><\/a><\/li><\/ul><\/div><div class=\"tab-pane fade fusion-clearfix\" role=\"tabpanel\" tabindex=\"0\" aria-labelledby=\"fusion-tab-somunesplai:compodemformarpartd\u2019esplac?\" id=\"tab-06f033979028edb5b26\">\n<p><span style=\"font-weight: 400;\">Esplais Catalans (Esplac) \u00e9s una associaci\u00f3 d\u2019associacions i per formar-ne part cal que l\u2019Assemblea General Ordin\u00e0ria d\u2019Esplac ho aprovi mitjan\u00e7ant una votaci\u00f3. Els esplais que vulguin associar-se a Esplac durant el per\u00edode entre assemblees rebran part de l\u2019assessorament i el suport que donem als esplais, fins que no siguin membres de ple dret.<\/span><\/p>\n<p><span style=\"font-weight: 400;\">Per preparar la vostra entrada a Esplac, nom\u00e9s cal que signeu la sol\u00b7licitud d\u2019entrada i feu una petita presentaci\u00f3 del vostre esplai per tal de donar-vos a con\u00e8ixer a la resta d\u2019esplais de l\u2019Assemblea General Ordin\u00e0ria. Per informar-vos m\u00e9s extensament o per fer la vostra sol\u00b7licitud d\u2019entrada, si us plau, contacteu amb nosaltres a esplac@esplac.cat.<\/span><\/p>\n<\/div><div class=\"nav fusion-mobile-tab-nav\"><ul class=\"nav-tabs\" role=\"tablist\"><li role=\"presentation\"><a class=\"tab-link\" data-toggle=\"tab\" role=\"tab\" aria-controls=\"tab-f1edffa6cceef2038be\" aria-selected=\"false\" tabindex=\"-1\" id=\"mobile-fusion-tab-feucursosdemonitors\/esidirectors\/esdelleure?\" href=\"#tab-f1edffa6cceef2038be\"><h4 class=\"fusion-tab-heading\">Feu cursos de monitors\/es i directors\/es de lleure?<\/h4><\/a><\/li><\/ul><\/div><div class=\"tab-pane fade fusion-clearfix\" role=\"tabpanel\" tabindex=\"0\" aria-labelledby=\"fusion-tab-feucursosdemonitors\/esidirectors\/esdelleure?\" id=\"tab-f1edffa6cceef2038be\">\n<h4><span style=\"font-weight: 400;\">Esplais Catalans gestionem aquest tipus de formacions a trav\u00e9s de l\u2019Escola Lliure el Sol, l\u2019escola de formaci\u00f3 del Moviment Laic i Progressista. Esplais Catalans i l\u2019Escola Lliure el Sol dissenyem conjuntament els cursos i els diferents programes de formaci\u00f3 continuada per a monitors\/es, dirigents, treballadors\/es i formadors\/es, d\u2019acord amb el nostre ideari. Per a consultar els propers cursos visiteu el web de l\u2019 <\/span><a href=\"http:\/\/www.escolaelsol.org\/\"><span style=\"font-weight: 400;\">Escola Lliure el Sol<\/span><\/a><span style=\"font-weight: 400;\">.<\/span><\/h4>\n<\/div><div class=\"nav fusion-mobile-tab-nav\"><ul class=\"nav-tabs\" role=\"tablist\"><li role=\"presentation\"><a class=\"tab-link\" data-toggle=\"tab\" role=\"tab\" aria-controls=\"tab-b05a951921dcd1a43a6\" aria-selected=\"false\" tabindex=\"-1\" id=\"mobile-fusion-tab-compucferpr\u00e0ctiquesdemonitor\/aenunesplai?\" href=\"#tab-b05a951921dcd1a43a6\"><h4 class=\"fusion-tab-heading\">Com puc fer pr\u00e0ctiques de monitor\/a en un esplai?<\/h4><\/a><\/li><\/ul><\/div><div class=\"tab-pane fade fusion-clearfix\" role=\"tabpanel\" tabindex=\"0\" aria-labelledby=\"fusion-tab-compucferpr\u00e0ctiquesdemonitor\/aenunesplai?\" id=\"tab-b05a951921dcd1a43a6\">\n<h4><span style=\"font-weight: 400;\">Si has fet el curs de monitor\/a de lleure i vols fer pr\u00e0ctiques en un esplai, et recomanem que busquis en el\u00a0 <\/span><a href=\"https:\/\/esplac.cat\/cercador-desplais\/\"><span style=\"font-weight: 400;\">Cercador d\u2019esplais<\/span><\/a><span style=\"font-weight: 400;\"> l\u2019esplai que tinguis m\u00e9s proper i hi contactis directament. Ning\u00fa millor que els mateixos esplais saben la necessitat que tenen d\u2019incorporar monitors\/es i la possibilitat d\u2019encaixar-hi persones en pr\u00e0ctiques. Si no te\u2019n surts, pots contactar amb el t\u00e8cnic\/a del teu sector geogr\u00e0fic perqu\u00e8 et doni un cop de m\u00e0 a l\u2019hora de buscar esplai.<\/span><\/h4>\n<\/div><div class=\"nav fusion-mobile-tab-nav\"><ul class=\"nav-tabs\" role=\"tablist\"><li role=\"presentation\"><a class=\"tab-link\" data-toggle=\"tab\" role=\"tab\" aria-controls=\"tab-3525f3b8e3f2aef8a97\" aria-selected=\"false\" tabindex=\"-1\" id=\"mobile-fusion-tab-gestioneucasesdecol\u00f2nies?\" href=\"#tab-3525f3b8e3f2aef8a97\"><h4 class=\"fusion-tab-heading\">Gestioneu cases de col\u00f2nies?<\/h4><\/a><\/li><\/ul><\/div><div class=\"tab-pane fade fusion-clearfix\" role=\"tabpanel\" tabindex=\"0\" aria-labelledby=\"fusion-tab-gestioneucasesdecol\u00f2nies?\" id=\"tab-3525f3b8e3f2aef8a97\">\n<p><span style=\"font-weight: 400;\">No. Esplais Catalans no gestionem cases de col\u00f2nies ni terrenys d\u2019acampada. Per a aquest servei i molts d\u2019altres relacionats amb el lleure educatiu, podeu posar-vos en contacte amb <\/span><a href=\"http:\/\/www.encis.coop\/\"><span style=\"font-weight: 400;\">Incoop<\/span><\/a><span style=\"font-weight: 400;\">, la cooperativa de serveis de la que Esplac en som socies.<\/span><\/p>\n<\/div><\/div><\/div><div class=\"fusion-clearfix\"><\/div><\/div><\/div><\/div><\/div>\n","protected":false},"excerpt":{"rendered":"","protected":false},"author":3,"featured_media":0,"parent":0,"menu_order":0,"comment_status":"closed","ping_status":"closed","template":"","meta":{"om_disable_all_campaigns":false,"_monsterinsights_skip_tracking":false,"_monsterinsights_sitenote_active":false,"_monsterinsights_sitenote_note":"","_monsterinsights_sitenote_category":0,"_uf_show_specific_survey":0,"_uf_disable_surveys":false,"footnotes":""},"class_list":["post-28083","page","type-page","status-publish","hentry"],"yoast_head":"<!-- This site is optimized with the Yoast SEO plugin v27.4 - https:\/\/yoast.com\/product\/yoast-seo-wordpress\/ -->\n<title>Preguntes freq\u00fcents - Esplac<\/title>\n<meta name=\"robots\" content=\"index, follow, max-snippet:-1, max-image-preview:large, max-video-preview:-1\" \/>\n<link rel=\"canonical\" href=\"https:\/\/www.esplac.cat\/es\/faqs\/\" \/>\n<meta property=\"og:locale\" content=\"es_ES\" \/>\n<meta property=\"og:type\" content=\"article\" \/>\n<meta property=\"og:title\" content=\"Preguntes freq\u00fcents - Esplac\" \/>\n<meta property=\"og:url\" content=\"https:\/\/www.esplac.cat\/es\/faqs\/\" \/>\n<meta property=\"og:site_name\" content=\"Esplac\" \/>\n<meta property=\"og:image\" content=\"https:\/\/www.esplac.cat\/wp-content\/uploads\/2019\/11\/logo-open.jpg\" \/>\n\t<meta property=\"og:image:width\" content=\"1200\" \/>\n\t<meta property=\"og:image:height\" content=\"630\" \/>\n\t<meta property=\"og:image:type\" content=\"image\/jpeg\" \/>\n<meta name=\"twitter:card\" content=\"summary_large_image\" \/>\n<meta name=\"twitter:label1\" content=\"Tiempo de lectura\" \/>\n\t<meta name=\"twitter:data1\" content=\"5 minutos\" \/>\n<script type=\"application\/ld+json\" class=\"yoast-schema-graph\">{\"@context\":\"https:\\\/\\\/schema.org\",\"@graph\":[{\"@type\":\"WebPage\",\"@id\":\"https:\\\/\\\/www.esplac.cat\\\/es\\\/faqs\\\/\",\"url\":\"https:\\\/\\\/www.esplac.cat\\\/es\\\/faqs\\\/\",\"name\":\"Preguntes freq\u00fcents - Esplac\",\"isPartOf\":{\"@id\":\"https:\\\/\\\/www.esplac.cat\\\/#website\"},\"datePublished\":\"2019-11-04T15:32:20+00:00\",\"breadcrumb\":{\"@id\":\"https:\\\/\\\/www.esplac.cat\\\/es\\\/faqs\\\/#breadcrumb\"},\"inLanguage\":\"es\",\"potentialAction\":[{\"@type\":\"ReadAction\",\"target\":[\"https:\\\/\\\/www.esplac.cat\\\/es\\\/faqs\\\/\"]}]},{\"@type\":\"BreadcrumbList\",\"@id\":\"https:\\\/\\\/www.esplac.cat\\\/es\\\/faqs\\\/#breadcrumb\",\"itemListElement\":[{\"@type\":\"ListItem\",\"position\":1,\"name\":\"Inici\",\"item\":\"https:\\\/\\\/www.esplac.cat\\\/es\\\/\"},{\"@type\":\"ListItem\",\"position\":2,\"name\":\"Preguntes freq\u00fcents\"}]},{\"@type\":\"WebSite\",\"@id\":\"https:\\\/\\\/www.esplac.cat\\\/#website\",\"url\":\"https:\\\/\\\/www.esplac.cat\\\/\",\"name\":\"Esplac\",\"description\":\"Esplais Catalans\",\"publisher\":{\"@id\":\"https:\\\/\\\/www.esplac.cat\\\/#organization\"},\"potentialAction\":[{\"@type\":\"SearchAction\",\"target\":{\"@type\":\"EntryPoint\",\"urlTemplate\":\"https:\\\/\\\/www.esplac.cat\\\/?s={search_term_string}\"},\"query-input\":{\"@type\":\"PropertyValueSpecification\",\"valueRequired\":true,\"valueName\":\"search_term_string\"}}],\"inLanguage\":\"es\"},{\"@type\":\"Organization\",\"@id\":\"https:\\\/\\\/www.esplac.cat\\\/#organization\",\"name\":\"Esplac\",\"url\":\"https:\\\/\\\/www.esplac.cat\\\/\",\"logo\":{\"@type\":\"ImageObject\",\"inLanguage\":\"es\",\"@id\":\"https:\\\/\\\/www.esplac.cat\\\/#\\\/schema\\\/logo\\\/image\\\/\",\"url\":\"https:\\\/\\\/www.esplac.cat\\\/wp-content\\\/uploads\\\/2019\\\/08\\\/logox2.png\",\"contentUrl\":\"https:\\\/\\\/www.esplac.cat\\\/wp-content\\\/uploads\\\/2019\\\/08\\\/logox2.png\",\"width\":600,\"height\":295,\"caption\":\"Esplac\"},\"image\":{\"@id\":\"https:\\\/\\\/www.esplac.cat\\\/#\\\/schema\\\/logo\\\/image\\\/\"}}]}<\/script>\n<!-- \/ Yoast SEO plugin. -->","yoast_head_json":{"title":"Preguntes freq\u00fcents - Esplac","robots":{"index":"index","follow":"follow","max-snippet":"max-snippet:-1","max-image-preview":"max-image-preview:large","max-video-preview":"max-video-preview:-1"},"canonical":"https:\/\/www.esplac.cat\/es\/faqs\/","og_locale":"es_ES","og_type":"article","og_title":"Preguntes freq\u00fcents - Esplac","og_url":"https:\/\/www.esplac.cat\/es\/faqs\/","og_site_name":"Esplac","og_image":[{"width":1200,"height":630,"url":"https:\/\/www.esplac.cat\/wp-content\/uploads\/2019\/11\/logo-open.jpg","type":"image\/jpeg"}],"twitter_card":"summary_large_image","twitter_misc":{"Tiempo de lectura":"5 minutos"},"schema":{"@context":"https:\/\/schema.org","@graph":[{"@type":"WebPage","@id":"https:\/\/www.esplac.cat\/es\/faqs\/","url":"https:\/\/www.esplac.cat\/es\/faqs\/","name":"Preguntes freq\u00fcents - Esplac","isPartOf":{"@id":"https:\/\/www.esplac.cat\/#website"},"datePublished":"2019-11-04T15:32:20+00:00","breadcrumb":{"@id":"https:\/\/www.esplac.cat\/es\/faqs\/#breadcrumb"},"inLanguage":"es","potentialAction":[{"@type":"ReadAction","target":["https:\/\/www.esplac.cat\/es\/faqs\/"]}]},{"@type":"BreadcrumbList","@id":"https:\/\/www.esplac.cat\/es\/faqs\/#breadcrumb","itemListElement":[{"@type":"ListItem","position":1,"name":"Inici","item":"https:\/\/www.esplac.cat\/es\/"},{"@type":"ListItem","position":2,"name":"Preguntes freq\u00fcents"}]},{"@type":"WebSite","@id":"https:\/\/www.esplac.cat\/#website","url":"https:\/\/www.esplac.cat\/","name":"Esplac","description":"Esplais Catalans","publisher":{"@id":"https:\/\/www.esplac.cat\/#organization"},"potentialAction":[{"@type":"SearchAction","target":{"@type":"EntryPoint","urlTemplate":"https:\/\/www.esplac.cat\/?s={search_term_string}"},"query-input":{"@type":"PropertyValueSpecification","valueRequired":true,"valueName":"search_term_string"}}],"inLanguage":"es"},{"@type":"Organization","@id":"https:\/\/www.esplac.cat\/#organization","name":"Esplac","url":"https:\/\/www.esplac.cat\/","logo":{"@type":"ImageObject","inLanguage":"es","@id":"https:\/\/www.esplac.cat\/#\/schema\/logo\/image\/","url":"https:\/\/www.esplac.cat\/wp-content\/uploads\/2019\/08\/logox2.png","contentUrl":"https:\/\/www.esplac.cat\/wp-content\/uploads\/2019\/08\/logox2.png","width":600,"height":295,"caption":"Esplac"},"image":{"@id":"https:\/\/www.esplac.cat\/#\/schema\/logo\/image\/"}}]}},"_links":{"self":[{"href":"https:\/\/www.esplac.cat\/es\/wp-json\/wp\/v2\/pages\/28083","targetHints":{"allow":["GET"]}}],"collection":[{"href":"https:\/\/www.esplac.cat\/es\/wp-json\/wp\/v2\/pages"}],"about":[{"href":"https:\/\/www.esplac.cat\/es\/wp-json\/wp\/v2\/types\/page"}],"author":[{"embeddable":true,"href":"https:\/\/www.esplac.cat\/es\/wp-json\/wp\/v2\/users\/3"}],"replies":[{"embeddable":true,"href":"https:\/\/www.esplac.cat\/es\/wp-json\/wp\/v2\/comments?post=28083"}],"version-history":[{"count":0,"href":"https:\/\/www.esplac.cat\/es\/wp-json\/wp\/v2\/pages\/28083\/revisions"}],"wp:attachment":[{"href":"https:\/\/www.esplac.cat\/es\/wp-json\/wp\/v2\/media?parent=28083"}],"curies":[{"name":"wp","href":"https:\/\/api.w.org\/{rel}","templated":true}]}}